{"id":865,"date":"2024-02-12T13:32:15","date_gmt":"2024-02-12T13:32:15","guid":{"rendered":"https:\/\/joonasnieminen.fi\/?page_id=865"},"modified":"2024-08-26T10:12:24","modified_gmt":"2024-08-26T10:12:24","slug":"edu","status":"publish","type":"page","link":"https:\/\/joonasnieminen.fi\/en\/services\/edu\/","title":{"rendered":"Training"},"content":{"rendered":"<div data-elementor-type=\"wp-page\" data-elementor-id=\"865\" class=\"elementor elementor-865\">\n\t\t\t\t\t\t<section class=\"elementor-section elementor-top-section elementor-element elementor-element-93a0eed elementor-section-boxed elementor-section-height-default elementor-section-height-default wpr-particle-no wpr-jarallax-no wpr-parallax-no wpr-sticky-section-no\" data-id=\"93a0eed\" data-element_type=\"section\" data-settings=\"{&quot;background_background&quot;:&quot;classic&quot;}\">\n\t\t\t\t\t\t\t<div class=\"elementor-background-overlay\"><\/div>\n\t\t\t\t\t\t\t<div class=\"elementor-container elementor-column-gap-default\">\n\t\t\t\t\t<div class=\"elementor-column elementor-col-100 elementor-top-column elementor-element elementor-element-51efa444\" data-id=\"51efa444\" data-element_type=\"column\">\n\t\t\t<div class=\"elementor-widget-wrap elementor-element-populated\">\n\t\t\t\t\t\t<div class=\"elementor-element elementor-element-1f8fdeba elementor-widget elementor-widget-heading\" data-id=\"1f8fdeba\" data-element_type=\"widget\" data-widget_type=\"heading.default\">\n\t\t\t\t<div class=\"elementor-widget-container\">\n\t\t\t<style>\/*! elementor - v3.23.0 - 05-08-2024 *\/\n.elementor-heading-title{padding:0;margin:0;line-height:1}.elementor-widget-heading .elementor-heading-title[class*=elementor-size-]>a{color:inherit;font-size:inherit;line-height:inherit}.elementor-widget-heading .elementor-heading-title.elementor-size-small{font-size:15px}.elementor-widget-heading .elementor-heading-title.elementor-size-medium{font-size:19px}.elementor-widget-heading .elementor-heading-title.elementor-size-large{font-size:29px}.elementor-widget-heading .elementor-heading-title.elementor-size-xl{font-size:39px}.elementor-widget-heading .elementor-heading-title.elementor-size-xxl{font-size:59px}<\/style><h2 class=\"elementor-heading-title elementor-size-default\">Koulutus ja esiintyminen<\/h2>\t\t<\/div>\n\t\t\t\t<\/div>\n\t\t\t\t\t<\/div>\n\t\t<\/div>\n\t\t\t\t\t<\/div>\n\t\t<\/section>\n\t\t\t\t<section class=\"elementor-section elementor-top-section elementor-element elementor-element-2c7415bd elementor-section-boxed elementor-section-height-default elementor-section-height-default wpr-particle-no wpr-jarallax-no wpr-parallax-no wpr-sticky-section-no\" data-id=\"2c7415bd\" data-element_type=\"section\">\n\t\t\t\t\t\t<div class=\"elementor-container elementor-column-gap-wide\">\n\t\t\t\t\t<div class=\"elementor-column elementor-col-50 elementor-top-column elementor-element elementor-element-1639f137\" data-id=\"1639f137\" data-element_type=\"column\">\n\t\t\t<div class=\"elementor-widget-wrap elementor-element-populated\">\n\t\t\t\t\t\t<div class=\"elementor-element elementor-element-69031681 elementor-widget elementor-widget-image\" data-id=\"69031681\" data-element_type=\"widget\" data-widget_type=\"image.default\">\n\t\t\t\t<div class=\"elementor-widget-container\">\n\t\t\t<style>\/*! elementor - v3.23.0 - 05-08-2024 *\/\n.elementor-widget-image{text-align:center}.elementor-widget-image a{display:inline-block}.elementor-widget-image a img[src$=\".svg\"]{width:48px}.elementor-widget-image img{vertical-align:middle;display:inline-block}<\/style>\t\t\t\t\t\t\t\t\t\t<img fetchpriority=\"high\" decoding=\"async\" width=\"2560\" height=\"1707\" src=\"https:\/\/joonasnieminen.fi\/wp-content\/uploads\/2024\/03\/FULLRES_EDU_no_txt-scaled.jpg\" class=\"attachment-full size-full wp-image-1416\" alt=\"EDU\" srcset=\"https:\/\/joonasnieminen.fi\/wp-content\/uploads\/2024\/03\/FULLRES_EDU_no_txt-scaled.jpg 2560w, https:\/\/joonasnieminen.fi\/wp-content\/uploads\/2024\/03\/FULLRES_EDU_no_txt-300x200.jpg 300w, https:\/\/joonasnieminen.fi\/wp-content\/uploads\/2024\/03\/FULLRES_EDU_no_txt-1024x683.jpg 1024w, https:\/\/joonasnieminen.fi\/wp-content\/uploads\/2024\/03\/FULLRES_EDU_no_txt-768x512.jpg 768w, https:\/\/joonasnieminen.fi\/wp-content\/uploads\/2024\/03\/FULLRES_EDU_no_txt-1536x1024.jpg 1536w, https:\/\/joonasnieminen.fi\/wp-content\/uploads\/2024\/03\/FULLRES_EDU_no_txt-2048x1365.jpg 2048w, https:\/\/joonasnieminen.fi\/wp-content\/uploads\/2024\/03\/FULLRES_EDU_no_txt-18x12.jpg 18w\" sizes=\"(max-width: 2560px) 100vw, 2560px\" \/>\t\t\t\t\t\t\t\t\t\t\t\t\t<\/div>\n\t\t\t\t<\/div>\n\t\t\t\t\t<\/div>\n\t\t<\/div>\n\t\t\t\t<div class=\"elementor-column elementor-col-50 elementor-top-column elementor-element elementor-element-6f0f834e\" data-id=\"6f0f834e\" data-element_type=\"column\">\n\t\t\t<div class=\"elementor-widget-wrap elementor-element-populated\">\n\t\t\t\t\t\t<div class=\"elementor-element elementor-element-348cf23b elementor-widget elementor-widget-heading\" data-id=\"348cf23b\" data-element_type=\"widget\" data-widget_type=\"heading.default\">\n\t\t\t\t<div class=\"elementor-widget-container\">\n\t\t\t<h2 class=\"elementor-heading-title elementor-size-default\">Video- ja valokuvauskoulutus<\/h2>\t\t<\/div>\n\t\t\t\t<\/div>\n\t\t\t\t<div class=\"elementor-element elementor-element-6b3af61a elementor-widget elementor-widget-text-editor\" data-id=\"6b3af61a\" data-element_type=\"widget\" data-widget_type=\"text-editor.default\">\n\t\t\t\t<div class=\"elementor-widget-container\">\n\t\t\t<style>\/*! elementor - v3.23.0 - 05-08-2024 *\/\n.elementor-widget-text-editor.elementor-drop-cap-view-stacked .elementor-drop-cap{background-color:#69727d;color:#fff}.elementor-widget-text-editor.elementor-drop-cap-view-framed .elementor-drop-cap{color:#69727d;border:3px solid;background-color:transparent}.elementor-widget-text-editor:not(.elementor-drop-cap-view-default) .elementor-drop-cap{margin-top:8px}.elementor-widget-text-editor:not(.elementor-drop-cap-view-default) .elementor-drop-cap-letter{width:1em;height:1em}.elementor-widget-text-editor .elementor-drop-cap{float:left;text-align:center;line-height:1;font-size:50px}.elementor-widget-text-editor .elementor-drop-cap-letter{display:inline-block}<\/style>\t\t\t\t<p>Reilun 15-vuoden ty\u00f6kokemus media-alan eri teht\u00e4vist\u00e4 takaa minulle vankan tietopohjan, jota jaan mielell\u00e4ni eteenp\u00e4in uusille tekij\u00f6ille. Koulutan sek\u00e4 pieni\u00e4 ett\u00e4 isompia ryhmi\u00e4. Pystyn my\u00f6s kouluttamaan henkil\u00f6st\u00f6\u00e4 yrityksenne kuvauskaluston saloihin.<\/p><p>Valmiita koulutuspaketteja:<br \/>&#8211; Valokuvauksen perusteet<br \/>&#8211; Kuvank\u00e4sittely, tehosteet ja maskit<br \/>&#8211; Videokuvauksen perusteet<br \/>&#8211; Videokuvauksen perusteet valokuvaajille<br \/>&#8211; Leikkauksen perusteet<br \/>&#8211; Adobe After Effectsin perusteet<br \/>&#8211; Trikkivideon luonti<br \/>&#8211; Video-CV:n tekeminen ty\u00f6nhakijalle<\/p>\t\t\t\t\t\t<\/div>\n\t\t\t\t<\/div>\n\t\t\t\t<div class=\"elementor-element elementor-element-bb486e0 wpr-button-icon-style-inline wpr-button-icon-position-right elementor-widget elementor-widget-wpr-button\" data-id=\"bb486e0\" data-element_type=\"widget\" data-widget_type=\"wpr-button.default\">\n\t\t\t\t<div class=\"elementor-widget-container\">\n\t\t\t\t\n\t\t\t\n\t\t\n\t\t<div class=\"wpr-button-wrap elementor-clearfix\">\n\t\t<a class=\"wpr-button wpr-button-effect wpr-button-none\" data-text=\"Go\" href=\"https:\/\/joonasnieminen.fi\/en\/contact\/\">\n\t\t\t\n\t\t\t<span class=\"wpr-button-content\">\n\t\t\t\t\t\t\t\t\t<span class=\"wpr-button-text\">Contact<\/span>\n\t\t\t\t\t\t\t\t\n\t\t\t\t\t\t\t<\/span>\n\t\t<\/a>\n\n\t\t\t\t<\/div>\n\t\n\t\n\t\t\t<\/div>\n\t\t\t\t<\/div>\n\t\t\t\t\t<\/div>\n\t\t<\/div>\n\t\t\t\t\t<\/div>\n\t\t<\/section>\n\t\t\t\t<section class=\"elementor-section elementor-top-section elementor-element elementor-element-68fccb44 elementor-section-boxed elementor-section-height-default elementor-section-height-default wpr-particle-no wpr-jarallax-no wpr-parallax-no wpr-sticky-section-no\" data-id=\"68fccb44\" data-element_type=\"section\">\n\t\t\t\t\t\t<div class=\"elementor-container elementor-column-gap-wide\">\n\t\t\t\t\t<div class=\"elementor-column elementor-col-50 elementor-top-column elementor-element elementor-element-7dc5091f\" data-id=\"7dc5091f\" data-element_type=\"column\">\n\t\t\t<div class=\"elementor-widget-wrap elementor-element-populated\">\n\t\t\t\t\t\t<div class=\"elementor-element elementor-element-4eab2055 elementor-widget elementor-widget-heading\" data-id=\"4eab2055\" data-element_type=\"widget\" data-widget_type=\"heading.default\">\n\t\t\t\t<div class=\"elementor-widget-container\">\n\t\t\t<h2 class=\"elementor-heading-title elementor-size-default\">Koulutus teko\u00e4lyn maailmaan<\/h2>\t\t<\/div>\n\t\t\t\t<\/div>\n\t\t\t\t<div class=\"elementor-element elementor-element-6f2c349d elementor-widget elementor-widget-text-editor\" data-id=\"6f2c349d\" data-element_type=\"widget\" data-widget_type=\"text-editor.default\">\n\t\t\t\t<div class=\"elementor-widget-container\">\n\t\t\t\t\t\t\t<p>Valmiita koulutuspaketteja teko\u00e4lyn osalta:<br \/>&#8211; Teko\u00e4lyn perusteet kuvageneraattoreiden kanssa<br \/>&#8211; Teko\u00e4lymallin kouluttaminen omilla kuvilla (Stable Diffusion)<\/p><p>Tulevia koulutuspaketteja teko\u00e4lyn osalta:<br \/>&#8211; Teko\u00e4lyn hy\u00f6dynt\u00e4minen liiketoiminnassa<br \/>&#8211; Kehotteet (prompt) haltuun lis\u00e4kurssi<\/p>\t\t\t\t\t\t<\/div>\n\t\t\t\t<\/div>\n\t\t\t\t<div class=\"elementor-element elementor-element-3077bf1c wpr-button-icon-style-inline wpr-button-icon-position-right elementor-widget elementor-widget-wpr-button\" data-id=\"3077bf1c\" data-element_type=\"widget\" data-widget_type=\"wpr-button.default\">\n\t\t\t\t<div class=\"elementor-widget-container\">\n\t\t\t\t\n\t\t\t\n\t\t\n\t\t<div class=\"wpr-button-wrap elementor-clearfix\">\n\t\t<a class=\"wpr-button wpr-button-effect wpr-button-none\" data-text=\"Go\" href=\"https:\/\/joonasnieminen.fi\/en\/contact\/\">\n\t\t\t\n\t\t\t<span class=\"wpr-button-content\">\n\t\t\t\t\t\t\t\t\t<span class=\"wpr-button-text\">Contact<\/span>\n\t\t\t\t\t\t\t\t\n\t\t\t\t\t\t\t<\/span>\n\t\t<\/a>\n\n\t\t\t\t<\/div>\n\t\n\t\n\t\t\t<\/div>\n\t\t\t\t<\/div>\n\t\t\t\t\t<\/div>\n\t\t<\/div>\n\t\t\t\t<div class=\"elementor-column elementor-col-50 elementor-top-column elementor-element elementor-element-3b209b6a\" data-id=\"3b209b6a\" data-element_type=\"column\">\n\t\t\t<div class=\"elementor-widget-wrap elementor-element-populated\">\n\t\t\t\t\t\t<div class=\"elementor-element elementor-element-306c7215 elementor-widget elementor-widget-image\" data-id=\"306c7215\" data-element_type=\"widget\" data-widget_type=\"image.default\">\n\t\t\t\t<div class=\"elementor-widget-container\">\n\t\t\t\t\t\t\t\t\t\t\t\t\t<img decoding=\"async\" width=\"1287\" height=\"718\" src=\"https:\/\/joonasnieminen.fi\/wp-content\/uploads\/2024\/08\/source2.jpg\" class=\"attachment-full size-full wp-image-2038\" alt=\"\" srcset=\"https:\/\/joonasnieminen.fi\/wp-content\/uploads\/2024\/08\/source2.jpg 1287w, https:\/\/joonasnieminen.fi\/wp-content\/uploads\/2024\/08\/source2-300x167.jpg 300w, https:\/\/joonasnieminen.fi\/wp-content\/uploads\/2024\/08\/source2-1024x571.jpg 1024w, https:\/\/joonasnieminen.fi\/wp-content\/uploads\/2024\/08\/source2-768x428.jpg 768w, https:\/\/joonasnieminen.fi\/wp-content\/uploads\/2024\/08\/source2-18x10.jpg 18w\" sizes=\"(max-width: 1287px) 100vw, 1287px\" \/>\t\t\t\t\t\t\t\t\t\t\t\t\t<\/div>\n\t\t\t\t<\/div>\n\t\t\t\t\t<\/div>\n\t\t<\/div>\n\t\t\t\t\t<\/div>\n\t\t<\/section>\n\t\t\t\t<section class=\"elementor-section elementor-top-section elementor-element elementor-element-669fea88 elementor-section-boxed elementor-section-height-default elementor-section-height-default wpr-particle-no wpr-jarallax-no wpr-parallax-no wpr-sticky-section-no\" data-id=\"669fea88\" data-element_type=\"section\">\n\t\t\t\t\t\t<div class=\"elementor-container elementor-column-gap-wide\">\n\t\t\t\t\t<div class=\"elementor-column elementor-col-50 elementor-top-column elementor-element elementor-element-95e2f22\" data-id=\"95e2f22\" data-element_type=\"column\">\n\t\t\t<div class=\"elementor-widget-wrap elementor-element-populated\">\n\t\t\t\t\t\t<div class=\"elementor-element elementor-element-7358f4e6 elementor-widget elementor-widget-image\" data-id=\"7358f4e6\" data-element_type=\"widget\" data-widget_type=\"image.default\">\n\t\t\t\t<div class=\"elementor-widget-container\">\n\t\t\t\t\t\t\t\t\t\t\t\t\t<img decoding=\"async\" width=\"1000\" height=\"1500\" src=\"https:\/\/joonasnieminen.fi\/wp-content\/uploads\/2024\/08\/joonas.jpg\" class=\"attachment-full size-full wp-image-2045\" alt=\"\" srcset=\"https:\/\/joonasnieminen.fi\/wp-content\/uploads\/2024\/08\/joonas.jpg 1000w, https:\/\/joonasnieminen.fi\/wp-content\/uploads\/2024\/08\/joonas-200x300.jpg 200w, https:\/\/joonasnieminen.fi\/wp-content\/uploads\/2024\/08\/joonas-683x1024.jpg 683w, https:\/\/joonasnieminen.fi\/wp-content\/uploads\/2024\/08\/joonas-768x1152.jpg 768w, https:\/\/joonasnieminen.fi\/wp-content\/uploads\/2024\/08\/joonas-8x12.jpg 8w\" sizes=\"(max-width: 1000px) 100vw, 1000px\" \/>\t\t\t\t\t\t\t\t\t\t\t\t\t<\/div>\n\t\t\t\t<\/div>\n\t\t\t\t\t<\/div>\n\t\t<\/div>\n\t\t\t\t<div class=\"elementor-column elementor-col-50 elementor-top-column elementor-element elementor-element-124043b8\" data-id=\"124043b8\" data-element_type=\"column\">\n\t\t\t<div class=\"elementor-widget-wrap elementor-element-populated\">\n\t\t\t\t\t\t<div class=\"elementor-element elementor-element-48291c52 elementor-widget elementor-widget-heading\" data-id=\"48291c52\" data-element_type=\"widget\" data-widget_type=\"heading.default\">\n\t\t\t\t<div class=\"elementor-widget-container\">\n\t\t\t<h2 class=\"elementor-heading-title elementor-size-default\">Esiintyminen<\/h2>\t\t<\/div>\n\t\t\t\t<\/div>\n\t\t\t\t<div class=\"elementor-element elementor-element-3945bae6 elementor-widget elementor-widget-text-editor\" data-id=\"3945bae6\" data-element_type=\"widget\" data-widget_type=\"text-editor.default\">\n\t\t\t\t<div class=\"elementor-widget-container\">\n\t\t\t\t\t\t\t<p>Olen esiintynyt ja pit\u00e4nyt luentoja mm. eri oppilaitoksissa liittyen yritt\u00e4jyyteen ja ammattiini kuvaajana. Monia on kiinnostanut my\u00f6s ammattilaispelaaja taustani ja kuinka t\u00e4st\u00e4 on ollut minulle hy\u00f6ty\u00e4 my\u00f6hemmin yritt\u00e4jyydess\u00e4. Ja jos aika k\u00e4y pitk\u00e4ksi niin osaan min\u00e4 my\u00f6s korttitemppujakin &#8211; onneksi ei ole tarvinnut viel\u00e4 pakkaa kaivaa esille, juttua ja kysymyksi\u00e4 on luennoilla riitt\u00e4nyt. Esitykseni j\u00e4\u00e4 varmasti oppilaiden mieleen.<\/p>\t\t\t\t\t\t<\/div>\n\t\t\t\t<\/div>\n\t\t\t\t<div class=\"elementor-element elementor-element-790e534 wpr-button-icon-style-inline wpr-button-icon-position-right elementor-widget elementor-widget-wpr-button\" data-id=\"790e534\" data-element_type=\"widget\" data-widget_type=\"wpr-button.default\">\n\t\t\t\t<div class=\"elementor-widget-container\">\n\t\t\t\t\n\t\t\t\n\t\t\n\t\t<div class=\"wpr-button-wrap elementor-clearfix\">\n\t\t<a class=\"wpr-button wpr-button-effect wpr-button-none\" data-text=\"Go\" href=\"https:\/\/joonasnieminen.fi\/en\/contact\/\">\n\t\t\t\n\t\t\t<span class=\"wpr-button-content\">\n\t\t\t\t\t\t\t\t\t<span class=\"wpr-button-text\">Contact<\/span>\n\t\t\t\t\t\t\t\t\n\t\t\t\t\t\t\t<\/span>\n\t\t<\/a>\n\n\t\t\t\t<\/div>\n\t\n\t\n\t\t\t<\/div>\n\t\t\t\t<\/div>\n\t\t\t\t\t<\/div>\n\t\t<\/div>\n\t\t\t\t\t<\/div>\n\t\t<\/section>\n\t\t\t\t<\/div>","protected":false},"excerpt":{"rendered":"<p>Koulutus ja esiintyminen Video- ja valokuvauskoulutus Reilun 15-vuoden ty\u00f6kokemus media-alan eri teht\u00e4vist\u00e4 takaa minulle vankan tietopohjan, jota jaan mielell\u00e4ni eteenp\u00e4in uusille tekij\u00f6ille. Koulutan sek\u00e4 pieni\u00e4 ett\u00e4 isompia ryhmi\u00e4. Pystyn my\u00f6s kouluttamaan henkil\u00f6st\u00f6\u00e4 yrityksenne kuvauskaluston saloihin. Valmiita koulutuspaketteja:&#8211; Valokuvauksen perusteet&#8211; Kuvank\u00e4sittely, tehosteet ja maskit&#8211; Videokuvauksen perusteet&#8211; Videokuvauksen perusteet valokuvaajille&#8211; Leikkauksen perusteet&#8211; Adobe After Effectsin perusteet&#8211; Trikkivideon luonti&#8211; Video-CV:n tekeminen ty\u00f6nhakijalle Ota yhteytt\u00e4 Koulutus teko\u00e4lyn maailmaan Valmiita koulutuspaketteja teko\u00e4lyn osalta:&#8211; Teko\u00e4lyn perusteet kuvageneraattoreiden kanssa&#8211; Teko\u00e4lymallin kouluttaminen omilla kuvilla (Stable Diffusion) Tulevia koulutuspaketteja teko\u00e4lyn osalta:&#8211; Teko\u00e4lyn hy\u00f6dynt\u00e4minen liiketoiminnassa&#8211; Kehotteet (prompt) haltuun lis\u00e4kurssi Ota yhteytt\u00e4 Esiintyminen Olen esiintynyt ja pit\u00e4nyt luentoja mm. eri oppilaitoksissa liittyen yritt\u00e4jyyteen ja ammattiini kuvaajana. Monia on kiinnostanut my\u00f6s ammattilaispelaaja taustani ja kuinka t\u00e4st\u00e4 on ollut minulle hy\u00f6ty\u00e4 my\u00f6hemmin yritt\u00e4jyydess\u00e4. Ja jos aika k\u00e4y pitk\u00e4ksi niin osaan min\u00e4 my\u00f6s korttitemppujakin &#8211; onneksi ei ole tarvinnut viel\u00e4 pakkaa kaivaa esille, juttua ja kysymyksi\u00e4 on luennoilla riitt\u00e4nyt. Esitykseni j\u00e4\u00e4 varmasti oppilaiden mieleen. Ota yhteytt\u00e4<\/p>","protected":false},"author":1,"featured_media":0,"parent":441,"menu_order":0,"comment_status":"closed","ping_status":"closed","template":"elementor_canvas","meta":{"footnotes":""},"class_list":["post-865","page","type-page","status-publish","hentry"],"_links":{"self":[{"href":"https:\/\/joonasnieminen.fi\/en\/wp-json\/wp\/v2\/pages\/865"}],"collection":[{"href":"https:\/\/joonasnieminen.fi\/en\/wp-json\/wp\/v2\/pages"}],"about":[{"href":"https:\/\/joonasnieminen.fi\/en\/wp-json\/wp\/v2\/types\/page"}],"author":[{"embeddable":true,"href":"https:\/\/joonasnieminen.fi\/en\/wp-json\/wp\/v2\/users\/1"}],"replies":[{"embeddable":true,"href":"https:\/\/joonasnieminen.fi\/en\/wp-json\/wp\/v2\/comments?post=865"}],"version-history":[{"count":25,"href":"https:\/\/joonasnieminen.fi\/en\/wp-json\/wp\/v2\/pages\/865\/revisions"}],"predecessor-version":[{"id":2134,"href":"https:\/\/joonasnieminen.fi\/en\/wp-json\/wp\/v2\/pages\/865\/revisions\/2134"}],"up":[{"embeddable":true,"href":"https:\/\/joonasnieminen.fi\/en\/wp-json\/wp\/v2\/pages\/441"}],"wp:attachment":[{"href":"https:\/\/joonasnieminen.fi\/en\/wp-json\/wp\/v2\/media?parent=865"}],"curies":[{"name":"wp","href":"https:\/\/api.w.org\/{rel}","templated":true}]}}