{"id":851,"date":"2024-02-12T13:26:51","date_gmt":"2024-02-12T13:26:51","guid":{"rendered":"https:\/\/joonasnieminen.fi\/?page_id=851"},"modified":"2024-08-26T00:05:17","modified_gmt":"2024-08-26T00:05:17","slug":"ai","status":"publish","type":"page","link":"https:\/\/joonasnieminen.fi\/en\/services\/ai\/","title":{"rendered":"Artificial Intelligence"},"content":{"rendered":"<div data-elementor-type=\"wp-page\" data-elementor-id=\"851\" class=\"elementor elementor-851\">\n\t\t\t\t\t\t<section class=\"elementor-section elementor-top-section elementor-element elementor-element-60f9ea0c elementor-section-boxed elementor-section-height-default elementor-section-height-default wpr-particle-no wpr-jarallax-no wpr-parallax-no wpr-sticky-section-no\" data-id=\"60f9ea0c\" data-element_type=\"section\" data-settings=\"{&quot;background_background&quot;:&quot;classic&quot;}\">\n\t\t\t\t\t\t\t<div class=\"elementor-background-overlay\"><\/div>\n\t\t\t\t\t\t\t<div class=\"elementor-container elementor-column-gap-default\">\n\t\t\t\t\t<div class=\"elementor-column elementor-col-100 elementor-top-column elementor-element elementor-element-3906f817\" data-id=\"3906f817\" data-element_type=\"column\">\n\t\t\t<div class=\"elementor-widget-wrap elementor-element-populated\">\n\t\t\t\t\t\t<div class=\"elementor-element elementor-element-42a9b627 elementor-widget elementor-widget-heading\" data-id=\"42a9b627\" data-element_type=\"widget\" data-widget_type=\"heading.default\">\n\t\t\t\t<div class=\"elementor-widget-container\">\n\t\t\t<style>\/*! elementor - v3.23.0 - 05-08-2024 *\/\n.elementor-heading-title{padding:0;margin:0;line-height:1}.elementor-widget-heading .elementor-heading-title[class*=elementor-size-]>a{color:inherit;font-size:inherit;line-height:inherit}.elementor-widget-heading .elementor-heading-title.elementor-size-small{font-size:15px}.elementor-widget-heading .elementor-heading-title.elementor-size-medium{font-size:19px}.elementor-widget-heading .elementor-heading-title.elementor-size-large{font-size:29px}.elementor-widget-heading .elementor-heading-title.elementor-size-xl{font-size:39px}.elementor-widget-heading .elementor-heading-title.elementor-size-xxl{font-size:59px}<\/style><h2 class=\"elementor-heading-title elementor-size-default\">Artificial Intelligence<\/h2>\t\t<\/div>\n\t\t\t\t<\/div>\n\t\t\t\t\t<\/div>\n\t\t<\/div>\n\t\t\t\t\t<\/div>\n\t\t<\/section>\n\t\t\t\t<section class=\"elementor-section elementor-top-section elementor-element elementor-element-39c818fa elementor-section-boxed elementor-section-height-default elementor-section-height-default wpr-particle-no wpr-jarallax-no wpr-parallax-no wpr-sticky-section-no\" data-id=\"39c818fa\" data-element_type=\"section\">\n\t\t\t\t\t\t<div class=\"elementor-container elementor-column-gap-wide\">\n\t\t\t\t\t<div class=\"elementor-column elementor-col-50 elementor-top-column elementor-element elementor-element-501bc851\" data-id=\"501bc851\" data-element_type=\"column\">\n\t\t\t<div class=\"elementor-widget-wrap elementor-element-populated\">\n\t\t\t\t<div class=\"elementor-element elementor-element-029af0b e-grid e-con-boxed wpr-particle-no wpr-jarallax-no wpr-parallax-no wpr-sticky-section-no e-con e-parent\" data-id=\"029af0b\" data-element_type=\"container\">\n\t\t\t\t\t<div class=\"e-con-inner\">\n\t\t\t\t<div class=\"elementor-element elementor-element-754cf90 elementor-widget elementor-widget-image\" data-id=\"754cf90\" data-element_type=\"widget\" data-widget_type=\"image.default\">\n\t\t\t\t<div class=\"elementor-widget-container\">\n\t\t\t<style>\/*! elementor - v3.23.0 - 05-08-2024 *\/\n.elementor-widget-image{text-align:center}.elementor-widget-image a{display:inline-block}.elementor-widget-image a img[src$=\".svg\"]{width:48px}.elementor-widget-image img{vertical-align:middle;display:inline-block}<\/style>\t\t\t\t\t\t\t\t\t\t\t<a href=\"https:\/\/joonasnieminen.fi\/wp-content\/uploads\/2024\/08\/Taylor_Swift.jpg\" data-elementor-open-lightbox=\"yes\" data-e-action-hash=\"#elementor-action%3Aaction%3Dlightbox%26settings%3DeyJpZCI6MjA2NywidXJsIjoiaHR0cHM6XC9cL2pvb25hc25pZW1pbmVuLmZpXC93cC1jb250ZW50XC91cGxvYWRzXC8yMDI0XC8wOFwvVGF5bG9yX1N3aWZ0LmpwZyJ9\">\n\t\t\t\t\t\t\t<img fetchpriority=\"high\" decoding=\"async\" width=\"960\" height=\"960\" src=\"https:\/\/joonasnieminen.fi\/wp-content\/uploads\/2024\/08\/Taylor_Swift-1024x1024.jpg\" class=\"elementor-animation-shrink attachment-large size-large wp-image-2067\" alt=\"\" srcset=\"https:\/\/joonasnieminen.fi\/wp-content\/uploads\/2024\/08\/Taylor_Swift-1024x1024.jpg 1024w, https:\/\/joonasnieminen.fi\/wp-content\/uploads\/2024\/08\/Taylor_Swift-300x300.jpg 300w, https:\/\/joonasnieminen.fi\/wp-content\/uploads\/2024\/08\/Taylor_Swift-150x150.jpg 150w, https:\/\/joonasnieminen.fi\/wp-content\/uploads\/2024\/08\/Taylor_Swift-768x768.jpg 768w, https:\/\/joonasnieminen.fi\/wp-content\/uploads\/2024\/08\/Taylor_Swift-12x12.jpg 12w, https:\/\/joonasnieminen.fi\/wp-content\/uploads\/2024\/08\/Taylor_Swift.jpg 1500w\" sizes=\"(max-width: 960px) 100vw, 960px\" \/>\t\t\t\t\t\t\t\t<\/a>\n\t\t\t\t\t\t\t\t\t\t\t\t\t<\/div>\n\t\t\t\t<\/div>\n\t\t\t\t<div class=\"elementor-element elementor-element-d7ab90c elementor-widget elementor-widget-image\" data-id=\"d7ab90c\" data-element_type=\"widget\" data-widget_type=\"image.default\">\n\t\t\t\t<div class=\"elementor-widget-container\">\n\t\t\t\t\t\t\t\t\t\t\t\t\t\t<a href=\"https:\/\/joonasnieminen.fi\/wp-content\/uploads\/2024\/08\/alvar_headphones.jpg\" data-elementor-open-lightbox=\"yes\" data-e-action-hash=\"#elementor-action%3Aaction%3Dlightbox%26settings%3DeyJpZCI6MjA3MSwidXJsIjoiaHR0cHM6XC9cL2pvb25hc25pZW1pbmVuLmZpXC93cC1jb250ZW50XC91cGxvYWRzXC8yMDI0XC8wOFwvYWx2YXJfaGVhZHBob25lcy5qcGcifQ%3D%3D\">\n\t\t\t\t\t\t\t<img decoding=\"async\" width=\"960\" height=\"960\" src=\"https:\/\/joonasnieminen.fi\/wp-content\/uploads\/2024\/08\/alvar_headphones-1024x1024.jpg\" class=\"elementor-animation-shrink attachment-large size-large wp-image-2071\" alt=\"\" srcset=\"https:\/\/joonasnieminen.fi\/wp-content\/uploads\/2024\/08\/alvar_headphones-1024x1024.jpg 1024w, https:\/\/joonasnieminen.fi\/wp-content\/uploads\/2024\/08\/alvar_headphones-300x300.jpg 300w, https:\/\/joonasnieminen.fi\/wp-content\/uploads\/2024\/08\/alvar_headphones-150x150.jpg 150w, https:\/\/joonasnieminen.fi\/wp-content\/uploads\/2024\/08\/alvar_headphones-768x768.jpg 768w, https:\/\/joonasnieminen.fi\/wp-content\/uploads\/2024\/08\/alvar_headphones-12x12.jpg 12w, https:\/\/joonasnieminen.fi\/wp-content\/uploads\/2024\/08\/alvar_headphones.jpg 1500w\" sizes=\"(max-width: 960px) 100vw, 960px\" \/>\t\t\t\t\t\t\t\t<\/a>\n\t\t\t\t\t\t\t\t\t\t\t\t\t<\/div>\n\t\t\t\t<\/div>\n\t\t\t\t<div class=\"elementor-element elementor-element-c64b081 elementor-widget elementor-widget-image\" data-id=\"c64b081\" data-element_type=\"widget\" data-widget_type=\"image.default\">\n\t\t\t\t<div class=\"elementor-widget-container\">\n\t\t\t\t\t\t\t\t\t\t\t\t\t\t<a href=\"https:\/\/joonasnieminen.fi\/wp-content\/uploads\/2024\/08\/alvar_reception.jpg\" data-elementor-open-lightbox=\"yes\" data-e-action-hash=\"#elementor-action%3Aaction%3Dlightbox%26settings%3DeyJpZCI6MjA3MiwidXJsIjoiaHR0cHM6XC9cL2pvb25hc25pZW1pbmVuLmZpXC93cC1jb250ZW50XC91cGxvYWRzXC8yMDI0XC8wOFwvYWx2YXJfcmVjZXB0aW9uLmpwZyJ9\">\n\t\t\t\t\t\t\t<img decoding=\"async\" width=\"960\" height=\"960\" src=\"https:\/\/joonasnieminen.fi\/wp-content\/uploads\/2024\/08\/alvar_reception-1024x1024.jpg\" class=\"elementor-animation-shrink attachment-large size-large wp-image-2072\" alt=\"\" srcset=\"https:\/\/joonasnieminen.fi\/wp-content\/uploads\/2024\/08\/alvar_reception-1024x1024.jpg 1024w, https:\/\/joonasnieminen.fi\/wp-content\/uploads\/2024\/08\/alvar_reception-300x300.jpg 300w, https:\/\/joonasnieminen.fi\/wp-content\/uploads\/2024\/08\/alvar_reception-150x150.jpg 150w, https:\/\/joonasnieminen.fi\/wp-content\/uploads\/2024\/08\/alvar_reception-768x768.jpg 768w, https:\/\/joonasnieminen.fi\/wp-content\/uploads\/2024\/08\/alvar_reception-12x12.jpg 12w, https:\/\/joonasnieminen.fi\/wp-content\/uploads\/2024\/08\/alvar_reception.jpg 1500w\" sizes=\"(max-width: 960px) 100vw, 960px\" \/>\t\t\t\t\t\t\t\t<\/a>\n\t\t\t\t\t\t\t\t\t\t\t\t\t<\/div>\n\t\t\t\t<\/div>\n\t\t\t\t<div class=\"elementor-element elementor-element-07a0c5d elementor-widget elementor-widget-image\" data-id=\"07a0c5d\" data-element_type=\"widget\" data-widget_type=\"image.default\">\n\t\t\t\t<div class=\"elementor-widget-container\">\n\t\t\t\t\t\t\t\t\t\t\t\t\t\t<a href=\"https:\/\/joonasnieminen.fi\/wp-content\/uploads\/2024\/08\/dark_swim.jpeg\" data-elementor-open-lightbox=\"yes\" data-e-action-hash=\"#elementor-action%3Aaction%3Dlightbox%26settings%3DeyJpZCI6MjA3NiwidXJsIjoiaHR0cHM6XC9cL2pvb25hc25pZW1pbmVuLmZpXC93cC1jb250ZW50XC91cGxvYWRzXC8yMDI0XC8wOFwvZGFya19zd2ltLmpwZWcifQ%3D%3D\">\n\t\t\t\t\t\t\t<img loading=\"lazy\" decoding=\"async\" width=\"960\" height=\"960\" src=\"https:\/\/joonasnieminen.fi\/wp-content\/uploads\/2024\/08\/dark_swim-1024x1024.jpeg\" class=\"elementor-animation-shrink attachment-large size-large wp-image-2076\" alt=\"\" srcset=\"https:\/\/joonasnieminen.fi\/wp-content\/uploads\/2024\/08\/dark_swim-1024x1024.jpeg 1024w, https:\/\/joonasnieminen.fi\/wp-content\/uploads\/2024\/08\/dark_swim-300x300.jpeg 300w, https:\/\/joonasnieminen.fi\/wp-content\/uploads\/2024\/08\/dark_swim-150x150.jpeg 150w, https:\/\/joonasnieminen.fi\/wp-content\/uploads\/2024\/08\/dark_swim-768x768.jpeg 768w, https:\/\/joonasnieminen.fi\/wp-content\/uploads\/2024\/08\/dark_swim-12x12.jpeg 12w, https:\/\/joonasnieminen.fi\/wp-content\/uploads\/2024\/08\/dark_swim.jpeg 1500w\" sizes=\"(max-width: 960px) 100vw, 960px\" \/>\t\t\t\t\t\t\t\t<\/a>\n\t\t\t\t\t\t\t\t\t\t\t\t\t<\/div>\n\t\t\t\t<\/div>\n\t\t\t\t<div class=\"elementor-element elementor-element-1ae69fe elementor-widget elementor-widget-image\" data-id=\"1ae69fe\" data-element_type=\"widget\" data-widget_type=\"image.default\">\n\t\t\t\t<div class=\"elementor-widget-container\">\n\t\t\t\t\t\t\t\t\t\t\t\t\t\t<a href=\"https:\/\/joonasnieminen.fi\/wp-content\/uploads\/2024\/08\/dark-visitor.jpg\" data-elementor-open-lightbox=\"yes\" data-e-action-hash=\"#elementor-action%3Aaction%3Dlightbox%26settings%3DeyJpZCI6MjA3NywidXJsIjoiaHR0cHM6XC9cL2pvb25hc25pZW1pbmVuLmZpXC93cC1jb250ZW50XC91cGxvYWRzXC8yMDI0XC8wOFwvZGFyay12aXNpdG9yLmpwZyJ9\">\n\t\t\t\t\t\t\t<img loading=\"lazy\" decoding=\"async\" width=\"960\" height=\"960\" src=\"https:\/\/joonasnieminen.fi\/wp-content\/uploads\/2024\/08\/dark-visitor-1024x1024.jpg\" class=\"elementor-animation-shrink attachment-large size-large wp-image-2077\" alt=\"\" srcset=\"https:\/\/joonasnieminen.fi\/wp-content\/uploads\/2024\/08\/dark-visitor-1024x1024.jpg 1024w, https:\/\/joonasnieminen.fi\/wp-content\/uploads\/2024\/08\/dark-visitor-300x300.jpg 300w, https:\/\/joonasnieminen.fi\/wp-content\/uploads\/2024\/08\/dark-visitor-150x150.jpg 150w, https:\/\/joonasnieminen.fi\/wp-content\/uploads\/2024\/08\/dark-visitor-768x768.jpg 768w, https:\/\/joonasnieminen.fi\/wp-content\/uploads\/2024\/08\/dark-visitor-12x12.jpg 12w, https:\/\/joonasnieminen.fi\/wp-content\/uploads\/2024\/08\/dark-visitor.jpg 1500w\" sizes=\"(max-width: 960px) 100vw, 960px\" \/>\t\t\t\t\t\t\t\t<\/a>\n\t\t\t\t\t\t\t\t\t\t\t\t\t<\/div>\n\t\t\t\t<\/div>\n\t\t\t\t<div class=\"elementor-element elementor-element-7f22a66 elementor-widget elementor-widget-image\" data-id=\"7f22a66\" data-element_type=\"widget\" data-widget_type=\"image.default\">\n\t\t\t\t<div class=\"elementor-widget-container\">\n\t\t\t\t\t\t\t\t\t\t\t\t\t\t<a href=\"https:\/\/joonasnieminen.fi\/wp-content\/uploads\/2024\/08\/santa_as_god.png\" data-elementor-open-lightbox=\"yes\" data-e-action-hash=\"#elementor-action%3Aaction%3Dlightbox%26settings%3DeyJpZCI6MjA2NCwidXJsIjoiaHR0cHM6XC9cL2pvb25hc25pZW1pbmVuLmZpXC93cC1jb250ZW50XC91cGxvYWRzXC8yMDI0XC8wOFwvc2FudGFfYXNfZ29kLnBuZyJ9\">\n\t\t\t\t\t\t\t<img loading=\"lazy\" decoding=\"async\" width=\"960\" height=\"960\" src=\"https:\/\/joonasnieminen.fi\/wp-content\/uploads\/2024\/08\/santa_as_god.png\" class=\"elementor-animation-shrink attachment-large size-large wp-image-2064\" alt=\"\" srcset=\"https:\/\/joonasnieminen.fi\/wp-content\/uploads\/2024\/08\/santa_as_god.png 1000w, https:\/\/joonasnieminen.fi\/wp-content\/uploads\/2024\/08\/santa_as_god-300x300.png 300w, https:\/\/joonasnieminen.fi\/wp-content\/uploads\/2024\/08\/santa_as_god-150x150.png 150w, https:\/\/joonasnieminen.fi\/wp-content\/uploads\/2024\/08\/santa_as_god-768x768.png 768w, https:\/\/joonasnieminen.fi\/wp-content\/uploads\/2024\/08\/santa_as_god-12x12.png 12w\" sizes=\"(max-width: 960px) 100vw, 960px\" \/>\t\t\t\t\t\t\t\t<\/a>\n\t\t\t\t\t\t\t\t\t\t\t\t\t<\/div>\n\t\t\t\t<\/div>\n\t\t\t\t\t<\/div>\n\t\t\t\t<\/div>\n\t\t\t\t\t<\/div>\n\t\t<\/div>\n\t\t\t\t<div class=\"elementor-column elementor-col-50 elementor-top-column elementor-element elementor-element-295d152f\" data-id=\"295d152f\" data-element_type=\"column\">\n\t\t\t<div class=\"elementor-widget-wrap elementor-element-populated\">\n\t\t\t\t\t\t<div class=\"elementor-element elementor-element-49b4a7a5 elementor-widget elementor-widget-heading\" data-id=\"49b4a7a5\" data-element_type=\"widget\" data-widget_type=\"heading.default\">\n\t\t\t\t<div class=\"elementor-widget-container\">\n\t\t\t<h2 class=\"elementor-heading-title elementor-size-default\">Teko\u00e4lykuvat<\/h2>\t\t<\/div>\n\t\t\t\t<\/div>\n\t\t\t\t<div class=\"elementor-element elementor-element-a1f6ee1 elementor-widget elementor-widget-text-editor\" data-id=\"a1f6ee1\" data-element_type=\"widget\" data-widget_type=\"text-editor.default\">\n\t\t\t\t<div class=\"elementor-widget-container\">\n\t\t\t<style>\/*! elementor - v3.23.0 - 05-08-2024 *\/\n.elementor-widget-text-editor.elementor-drop-cap-view-stacked .elementor-drop-cap{background-color:#69727d;color:#fff}.elementor-widget-text-editor.elementor-drop-cap-view-framed .elementor-drop-cap{color:#69727d;border:3px solid;background-color:transparent}.elementor-widget-text-editor:not(.elementor-drop-cap-view-default) .elementor-drop-cap{margin-top:8px}.elementor-widget-text-editor:not(.elementor-drop-cap-view-default) .elementor-drop-cap-letter{width:1em;height:1em}.elementor-widget-text-editor .elementor-drop-cap{float:left;text-align:center;line-height:1;font-size:50px}.elementor-widget-text-editor .elementor-drop-cap-letter{display:inline-block}<\/style>\t\t\t\t<p>Teko\u00e4lyn avulla luodut kuvat toimivat erinomaisina inspiraation l\u00e4htein\u00e4. Voit nopeasti testata eri konsepteja ja todentaa n\u00e4iden toimivuuden ennenkuin alat itse kuvaamaan. Erinomainen ty\u00f6kalu moodboardien ja kuvak\u00e4sikirjoituksien luomiseen. Mit\u00e4 sin\u00e4 haluaisit teko\u00e4lyn loihtivan?<\/p>\t\t\t\t\t\t<\/div>\n\t\t\t\t<\/div>\n\t\t\t\t<div class=\"elementor-element elementor-element-65e3b566 wpr-button-icon-style-inline wpr-button-icon-position-right elementor-widget elementor-widget-wpr-button\" data-id=\"65e3b566\" data-element_type=\"widget\" data-widget_type=\"wpr-button.default\">\n\t\t\t\t<div class=\"elementor-widget-container\">\n\t\t\t\t\n\t\t\t\n\t\t\n\t\t<div class=\"wpr-button-wrap elementor-clearfix\">\n\t\t<a class=\"wpr-button wpr-button-effect wpr-button-none\" data-text=\"Go\" href=\"https:\/\/joonasnieminen.fi\/en\/contact\/\">\n\t\t\t\n\t\t\t<span class=\"wpr-button-content\">\n\t\t\t\t\t\t\t\t\t<span class=\"wpr-button-text\">Contact<\/span>\n\t\t\t\t\t\t\t\t\n\t\t\t\t\t\t\t<\/span>\n\t\t<\/a>\n\n\t\t\t\t<\/div>\n\t\n\t\n\t\t\t<\/div>\n\t\t\t\t<\/div>\n\t\t\t\t\t<\/div>\n\t\t<\/div>\n\t\t\t\t\t<\/div>\n\t\t<\/section>\n\t\t\t\t<section class=\"elementor-section elementor-top-section elementor-element elementor-element-40a0e35c elementor-section-boxed elementor-section-height-default elementor-section-height-default wpr-particle-no wpr-jarallax-no wpr-parallax-no wpr-sticky-section-no\" data-id=\"40a0e35c\" data-element_type=\"section\">\n\t\t\t\t\t\t<div class=\"elementor-container elementor-column-gap-wide\">\n\t\t\t\t\t<div class=\"elementor-column elementor-col-50 elementor-top-column elementor-element elementor-element-19391aaf\" data-id=\"19391aaf\" data-element_type=\"column\">\n\t\t\t<div class=\"elementor-widget-wrap elementor-element-populated\">\n\t\t\t\t\t\t<div class=\"elementor-element elementor-element-e1ddd64 elementor-widget elementor-widget-heading\" data-id=\"e1ddd64\" data-element_type=\"widget\" data-widget_type=\"heading.default\">\n\t\t\t\t<div class=\"elementor-widget-container\">\n\t\t\t<h2 class=\"elementor-heading-title elementor-size-default\">Koulutus teko\u00e4lyn maailmaan<\/h2>\t\t<\/div>\n\t\t\t\t<\/div>\n\t\t\t\t<div class=\"elementor-element elementor-element-49ccd16d elementor-widget elementor-widget-text-editor\" data-id=\"49ccd16d\" data-element_type=\"widget\" data-widget_type=\"text-editor.default\">\n\t\t\t\t<div class=\"elementor-widget-container\">\n\t\t\t\t\t\t\t<p>Opetan mielell\u00e4ni kuinka pystyt itse luomaan visuaalisia sis\u00e4lt\u00f6j\u00e4 hy\u00f6dynt\u00e4en eri teko\u00e4lysovelluksia. Katso tarkemmat tiedot koulutus sivultani eri sis\u00e4ll\u00f6ist\u00e4.<\/p>\t\t\t\t\t\t<\/div>\n\t\t\t\t<\/div>\n\t\t\t\t<div class=\"elementor-element elementor-element-2d971f7d wpr-button-icon-style-inline wpr-button-icon-position-right elementor-widget elementor-widget-wpr-button\" data-id=\"2d971f7d\" data-element_type=\"widget\" data-widget_type=\"wpr-button.default\">\n\t\t\t\t<div class=\"elementor-widget-container\">\n\t\t\t\t\n\t\t\t\n\t\t\n\t\t<div class=\"wpr-button-wrap elementor-clearfix\">\n\t\t<a class=\"wpr-button wpr-button-effect wpr-button-none\" data-text=\"Go\" href=\"https:\/\/joonasnieminen.fi\/en\/services\/edu\/\">\n\t\t\t\n\t\t\t<span class=\"wpr-button-content\">\n\t\t\t\t\t\t\t\t\t<span class=\"wpr-button-text\">Training<\/span>\n\t\t\t\t\t\t\t\t\n\t\t\t\t\t\t\t<\/span>\n\t\t<\/a>\n\n\t\t\t\t<\/div>\n\t\n\t\n\t\t\t<\/div>\n\t\t\t\t<\/div>\n\t\t\t\t\t<\/div>\n\t\t<\/div>\n\t\t\t\t<div class=\"elementor-column elementor-col-50 elementor-top-column elementor-element elementor-element-22d64f68\" data-id=\"22d64f68\" data-element_type=\"column\">\n\t\t\t<div class=\"elementor-widget-wrap elementor-element-populated\">\n\t\t\t\t\t\t<div class=\"elementor-element elementor-element-616f675a elementor-widget elementor-widget-image\" data-id=\"616f675a\" data-element_type=\"widget\" data-widget_type=\"image.default\">\n\t\t\t\t<div class=\"elementor-widget-container\">\n\t\t\t\t\t\t\t\t\t\t\t\t\t<img loading=\"lazy\" decoding=\"async\" width=\"768\" height=\"768\" src=\"https:\/\/joonasnieminen.fi\/wp-content\/uploads\/2024\/08\/plant-in-an-orb.png\" class=\"attachment-full size-full wp-image-2063\" alt=\"\" srcset=\"https:\/\/joonasnieminen.fi\/wp-content\/uploads\/2024\/08\/plant-in-an-orb.png 768w, https:\/\/joonasnieminen.fi\/wp-content\/uploads\/2024\/08\/plant-in-an-orb-300x300.png 300w, https:\/\/joonasnieminen.fi\/wp-content\/uploads\/2024\/08\/plant-in-an-orb-150x150.png 150w, https:\/\/joonasnieminen.fi\/wp-content\/uploads\/2024\/08\/plant-in-an-orb-12x12.png 12w\" sizes=\"(max-width: 768px) 100vw, 768px\" \/>\t\t\t\t\t\t\t\t\t\t\t\t\t<\/div>\n\t\t\t\t<\/div>\n\t\t\t\t\t<\/div>\n\t\t<\/div>\n\t\t\t\t\t<\/div>\n\t\t<\/section>\n\t\t\t\t<section class=\"elementor-section elementor-top-section elementor-element elementor-element-5da0b847 elementor-section-boxed elementor-section-height-default elementor-section-height-default wpr-particle-no wpr-jarallax-no wpr-parallax-no wpr-sticky-section-no\" data-id=\"5da0b847\" data-element_type=\"section\">\n\t\t\t\t\t\t<div class=\"elementor-container elementor-column-gap-wide\">\n\t\t\t\t\t<div class=\"elementor-column elementor-col-50 elementor-top-column elementor-element elementor-element-19e40494\" data-id=\"19e40494\" data-element_type=\"column\">\n\t\t\t<div class=\"elementor-widget-wrap elementor-element-populated\">\n\t\t\t\t\t\t<div class=\"elementor-element elementor-element-31e38f1d elementor-widget elementor-widget-image\" data-id=\"31e38f1d\" data-element_type=\"widget\" data-widget_type=\"image.default\">\n\t\t\t\t<div class=\"elementor-widget-container\">\n\t\t\t\t\t\t\t\t\t\t\t\t\t<img loading=\"lazy\" decoding=\"async\" width=\"1024\" height=\"1024\" src=\"https:\/\/joonasnieminen.fi\/wp-content\/uploads\/2024\/08\/alien-structure.jpg\" class=\"attachment-full size-full wp-image-2069\" alt=\"\" srcset=\"https:\/\/joonasnieminen.fi\/wp-content\/uploads\/2024\/08\/alien-structure.jpg 1024w, https:\/\/joonasnieminen.fi\/wp-content\/uploads\/2024\/08\/alien-structure-300x300.jpg 300w, https:\/\/joonasnieminen.fi\/wp-content\/uploads\/2024\/08\/alien-structure-150x150.jpg 150w, https:\/\/joonasnieminen.fi\/wp-content\/uploads\/2024\/08\/alien-structure-768x768.jpg 768w, https:\/\/joonasnieminen.fi\/wp-content\/uploads\/2024\/08\/alien-structure-12x12.jpg 12w\" sizes=\"(max-width: 1024px) 100vw, 1024px\" \/>\t\t\t\t\t\t\t\t\t\t\t\t\t<\/div>\n\t\t\t\t<\/div>\n\t\t\t\t\t<\/div>\n\t\t<\/div>\n\t\t\t\t<div class=\"elementor-column elementor-col-50 elementor-top-column elementor-element elementor-element-4c006645\" data-id=\"4c006645\" data-element_type=\"column\">\n\t\t\t<div class=\"elementor-widget-wrap elementor-element-populated\">\n\t\t\t\t\t\t<div class=\"elementor-element elementor-element-711454ff elementor-widget elementor-widget-heading\" data-id=\"711454ff\" data-element_type=\"widget\" data-widget_type=\"heading.default\">\n\t\t\t\t<div class=\"elementor-widget-container\">\n\t\t\t<h2 class=\"elementor-heading-title elementor-size-default\">Teko\u00e4lyvideot (tulossa)<\/h2>\t\t<\/div>\n\t\t\t\t<\/div>\n\t\t\t\t<div class=\"elementor-element elementor-element-53efa939 elementor-widget elementor-widget-text-editor\" data-id=\"53efa939\" data-element_type=\"widget\" data-widget_type=\"text-editor.default\">\n\t\t\t\t<div class=\"elementor-widget-container\">\n\t\t\t\t\t\t\t<p>Ty\u00f6kaluja otetaan haltuun ja opiskellaan.<\/p>\t\t\t\t\t\t<\/div>\n\t\t\t\t<\/div>\n\t\t\t\t\t<\/div>\n\t\t<\/div>\n\t\t\t\t\t<\/div>\n\t\t<\/section>\n\t\t\t\t<\/div>","protected":false},"excerpt":{"rendered":"<p>Teko\u00e4ly Teko\u00e4lykuvat Teko\u00e4lyn avulla luodut kuvat toimivat erinomaisina inspiraation l\u00e4htein\u00e4. Voit nopeasti testata eri konsepteja ja todentaa n\u00e4iden toimivuuden ennenkuin alat itse kuvaamaan. Erinomainen ty\u00f6kalu moodboardien ja kuvak\u00e4sikirjoituksien luomiseen. Mit\u00e4 sin\u00e4 haluaisit teko\u00e4lyn loihtivan? Ota yhteytt\u00e4 Koulutus teko\u00e4lyn maailmaan Opetan mielell\u00e4ni kuinka pystyt itse luomaan visuaalisia sis\u00e4lt\u00f6j\u00e4 hy\u00f6dynt\u00e4en eri teko\u00e4lysovelluksia. Katso tarkemmat tiedot koulutus sivultani eri sis\u00e4ll\u00f6ist\u00e4. Koulutus Teko\u00e4lyvideot (tulossa) Ty\u00f6kaluja otetaan haltuun ja opiskellaan.<\/p>","protected":false},"author":1,"featured_media":0,"parent":441,"menu_order":0,"comment_status":"closed","ping_status":"closed","template":"elementor_canvas","meta":{"footnotes":""},"class_list":["post-851","page","type-page","status-publish","hentry"],"_links":{"self":[{"href":"https:\/\/joonasnieminen.fi\/en\/wp-json\/wp\/v2\/pages\/851"}],"collection":[{"href":"https:\/\/joonasnieminen.fi\/en\/wp-json\/wp\/v2\/pages"}],"about":[{"href":"https:\/\/joonasnieminen.fi\/en\/wp-json\/wp\/v2\/types\/page"}],"author":[{"embeddable":true,"href":"https:\/\/joonasnieminen.fi\/en\/wp-json\/wp\/v2\/users\/1"}],"replies":[{"embeddable":true,"href":"https:\/\/joonasnieminen.fi\/en\/wp-json\/wp\/v2\/comments?post=851"}],"version-history":[{"count":43,"href":"https:\/\/joonasnieminen.fi\/en\/wp-json\/wp\/v2\/pages\/851\/revisions"}],"predecessor-version":[{"id":2112,"href":"https:\/\/joonasnieminen.fi\/en\/wp-json\/wp\/v2\/pages\/851\/revisions\/2112"}],"up":[{"embeddable":true,"href":"https:\/\/joonasnieminen.fi\/en\/wp-json\/wp\/v2\/pages\/441"}],"wp:attachment":[{"href":"https:\/\/joonasnieminen.fi\/en\/wp-json\/wp\/v2\/media?parent=851"}],"curies":[{"name":"wp","href":"https:\/\/api.w.org\/{rel}","templated":true}]}}