{"id":843,"date":"2024-02-12T13:23:38","date_gmt":"2024-02-12T13:23:38","guid":{"rendered":"https:\/\/joonasnieminen.fi\/?page_id=843"},"modified":"2024-09-04T19:14:04","modified_gmt":"2024-09-04T19:14:04","slug":"animation","status":"publish","type":"page","link":"https:\/\/joonasnieminen.fi\/en\/services\/animation\/","title":{"rendered":"Motion graphics"},"content":{"rendered":"<div data-elementor-type=\"wp-page\" data-elementor-id=\"843\" class=\"elementor elementor-843\">\n\t\t\t\t\t\t<section class=\"elementor-section elementor-top-section elementor-element elementor-element-44b6cd20 elementor-section-boxed elementor-section-height-default elementor-section-height-default wpr-particle-no wpr-jarallax-no wpr-parallax-no wpr-sticky-section-no\" data-id=\"44b6cd20\" data-element_type=\"section\" data-settings=\"{&quot;background_background&quot;:&quot;classic&quot;}\">\n\t\t\t\t\t\t\t<div class=\"elementor-background-overlay\"><\/div>\n\t\t\t\t\t\t\t<div class=\"elementor-container elementor-column-gap-default\">\n\t\t\t\t\t<div class=\"elementor-column elementor-col-100 elementor-top-column elementor-element elementor-element-74afcb18\" data-id=\"74afcb18\" data-element_type=\"column\">\n\t\t\t<div class=\"elementor-widget-wrap elementor-element-populated\">\n\t\t\t\t\t\t<div class=\"elementor-element elementor-element-1b48bee5 elementor-widget elementor-widget-heading\" data-id=\"1b48bee5\" data-element_type=\"widget\" data-widget_type=\"heading.default\">\n\t\t\t\t<div class=\"elementor-widget-container\">\n\t\t\t<style>\/*! elementor - v3.23.0 - 05-08-2024 *\/\n.elementor-heading-title{padding:0;margin:0;line-height:1}.elementor-widget-heading .elementor-heading-title[class*=elementor-size-]>a{color:inherit;font-size:inherit;line-height:inherit}.elementor-widget-heading .elementor-heading-title.elementor-size-small{font-size:15px}.elementor-widget-heading .elementor-heading-title.elementor-size-medium{font-size:19px}.elementor-widget-heading .elementor-heading-title.elementor-size-large{font-size:29px}.elementor-widget-heading .elementor-heading-title.elementor-size-xl{font-size:39px}.elementor-widget-heading .elementor-heading-title.elementor-size-xxl{font-size:59px}<\/style><h2 class=\"elementor-heading-title elementor-size-default\">Motion graphics<\/h2>\t\t<\/div>\n\t\t\t\t<\/div>\n\t\t\t\t\t<\/div>\n\t\t<\/div>\n\t\t\t\t\t<\/div>\n\t\t<\/section>\n\t\t\t\t<section class=\"elementor-section elementor-top-section elementor-element elementor-element-38576e80 elementor-section-boxed elementor-section-height-default elementor-section-height-default wpr-particle-no wpr-jarallax-no wpr-parallax-no wpr-sticky-section-no\" data-id=\"38576e80\" data-element_type=\"section\">\n\t\t\t\t\t\t<div class=\"elementor-container elementor-column-gap-wide\">\n\t\t\t\t\t<div class=\"elementor-column elementor-col-50 elementor-top-column elementor-element elementor-element-5a74f031\" data-id=\"5a74f031\" data-element_type=\"column\">\n\t\t\t<div class=\"elementor-widget-wrap elementor-element-populated\">\n\t\t\t\t\t\t<div class=\"elementor-element elementor-element-2c5e4754 elementor-widget elementor-widget-image\" data-id=\"2c5e4754\" data-element_type=\"widget\" data-widget_type=\"image.default\">\n\t\t\t\t<div class=\"elementor-widget-container\">\n\t\t\t<style>\/*! elementor - v3.23.0 - 05-08-2024 *\/\n.elementor-widget-image{text-align:center}.elementor-widget-image a{display:inline-block}.elementor-widget-image a img[src$=\".svg\"]{width:48px}.elementor-widget-image img{vertical-align:middle;display:inline-block}<\/style>\t\t\t\t\t\t\t\t\t\t<img fetchpriority=\"high\" decoding=\"async\" width=\"1920\" height=\"1080\" src=\"https:\/\/joonasnieminen.fi\/wp-content\/uploads\/2024\/08\/LEIKKAUSOHJELMIEN_TERMISTO.jpg\" class=\"attachment-full size-full wp-image-2054\" alt=\"\" srcset=\"https:\/\/joonasnieminen.fi\/wp-content\/uploads\/2024\/08\/LEIKKAUSOHJELMIEN_TERMISTO.jpg 1920w, https:\/\/joonasnieminen.fi\/wp-content\/uploads\/2024\/08\/LEIKKAUSOHJELMIEN_TERMISTO-300x169.jpg 300w, https:\/\/joonasnieminen.fi\/wp-content\/uploads\/2024\/08\/LEIKKAUSOHJELMIEN_TERMISTO-1024x576.jpg 1024w, https:\/\/joonasnieminen.fi\/wp-content\/uploads\/2024\/08\/LEIKKAUSOHJELMIEN_TERMISTO-768x432.jpg 768w, https:\/\/joonasnieminen.fi\/wp-content\/uploads\/2024\/08\/LEIKKAUSOHJELMIEN_TERMISTO-1536x864.jpg 1536w, https:\/\/joonasnieminen.fi\/wp-content\/uploads\/2024\/08\/LEIKKAUSOHJELMIEN_TERMISTO-18x10.jpg 18w\" sizes=\"(max-width: 1920px) 100vw, 1920px\" \/>\t\t\t\t\t\t\t\t\t\t\t\t\t<\/div>\n\t\t\t\t<\/div>\n\t\t\t\t\t<\/div>\n\t\t<\/div>\n\t\t\t\t<div class=\"elementor-column elementor-col-50 elementor-top-column elementor-element elementor-element-3fb6247d\" data-id=\"3fb6247d\" data-element_type=\"column\">\n\t\t\t<div class=\"elementor-widget-wrap elementor-element-populated\">\n\t\t\t\t\t\t<div class=\"elementor-element elementor-element-51fa042c elementor-widget elementor-widget-heading\" data-id=\"51fa042c\" data-element_type=\"widget\" data-widget_type=\"heading.default\">\n\t\t\t\t<div class=\"elementor-widget-container\">\n\t\t\t<h2 class=\"elementor-heading-title elementor-size-default\">Osana videotuotantoa<\/h2>\t\t<\/div>\n\t\t\t\t<\/div>\n\t\t\t\t<div class=\"elementor-element elementor-element-9f0b56 elementor-widget elementor-widget-text-editor\" data-id=\"9f0b56\" data-element_type=\"widget\" data-widget_type=\"text-editor.default\">\n\t\t\t\t<div class=\"elementor-widget-container\">\n\t\t\t<style>\/*! elementor - v3.23.0 - 05-08-2024 *\/\n.elementor-widget-text-editor.elementor-drop-cap-view-stacked .elementor-drop-cap{background-color:#69727d;color:#fff}.elementor-widget-text-editor.elementor-drop-cap-view-framed .elementor-drop-cap{color:#69727d;border:3px solid;background-color:transparent}.elementor-widget-text-editor:not(.elementor-drop-cap-view-default) .elementor-drop-cap{margin-top:8px}.elementor-widget-text-editor:not(.elementor-drop-cap-view-default) .elementor-drop-cap-letter{width:1em;height:1em}.elementor-widget-text-editor .elementor-drop-cap{float:left;text-align:center;line-height:1;font-size:50px}.elementor-widget-text-editor .elementor-drop-cap-letter{display:inline-block}<\/style>\t\t\t\t<p>Kaikki kokonaisvaltaiset videotuotantoni pit\u00e4v\u00e4t sis\u00e4ll\u00e4\u00e4n tietyn m\u00e4\u00e4r\u00e4n grafiikka-animaatioita, kuten asiakkaan br\u00e4ndin mukaiset introt, outrot, tittelit yms. Mutta n\u00e4iden lis\u00e4ksi videoita voidaan el\u00e4v\u00f6itt\u00e4\u00e4 pienill\u00e4 lis\u00e4animaatioilla.<\/p>\t\t\t\t\t\t<\/div>\n\t\t\t\t<\/div>\n\t\t\t\t\t<\/div>\n\t\t<\/div>\n\t\t\t\t\t<\/div>\n\t\t<\/section>\n\t\t\t\t<section class=\"elementor-section elementor-top-section elementor-element elementor-element-231debe elementor-section-boxed elementor-section-height-default elementor-section-height-default wpr-particle-no wpr-jarallax-no wpr-parallax-no wpr-sticky-section-no\" data-id=\"231debe\" data-element_type=\"section\">\n\t\t\t\t\t\t<div class=\"elementor-container elementor-column-gap-wide\">\n\t\t\t\t\t<div class=\"elementor-column elementor-col-50 elementor-top-column elementor-element elementor-element-34bb13e\" data-id=\"34bb13e\" data-element_type=\"column\">\n\t\t\t<div class=\"elementor-widget-wrap elementor-element-populated\">\n\t\t\t\t\t\t<div class=\"elementor-element elementor-element-24aee131 elementor-widget elementor-widget-heading\" data-id=\"24aee131\" data-element_type=\"widget\" data-widget_type=\"heading.default\">\n\t\t\t\t<div class=\"elementor-widget-container\">\n\t\t\t<h2 class=\"elementor-heading-title elementor-size-default\">Keskikokoinen animaatio<\/h2>\t\t<\/div>\n\t\t\t\t<\/div>\n\t\t\t\t<div class=\"elementor-element elementor-element-59e2653e elementor-widget elementor-widget-text-editor\" data-id=\"59e2653e\" data-element_type=\"widget\" data-widget_type=\"text-editor.default\">\n\t\t\t\t<div class=\"elementor-widget-container\">\n\t\t\t\t\t\t\t<p>Jos pienet lis\u00e4animaatiot eiv\u00e4t riit\u00e4, niin voidaan tehd\u00e4 ns. keskikokoinen animaatio joka kertoo asian katsojalle tehokkaammin. T\u00e4m\u00e4nkaltainen animaatio ratkaisu toimii hyvin teknisiss\u00e4 ja abstrakteissakin aiheissa. Kuten vaikka silm\u00e4sairauksien eri hoitotavat. On paljon miellytt\u00e4v\u00e4mp\u00e4\u00e4 katsoa t\u00e4st\u00e4 kliinimpi animaatio kuin itse toimenpide &#8211; eik\u00f6 vain.<\/p>\t\t\t\t\t\t<\/div>\n\t\t\t\t<\/div>\n\t\t\t\t<div class=\"elementor-element elementor-element-78dfcfc3 elementor-widget elementor-widget-heading\" data-id=\"78dfcfc3\" data-element_type=\"widget\" data-widget_type=\"heading.default\">\n\t\t\t\t<div class=\"elementor-widget-container\">\n\t\t\t<h2 class=\"elementor-heading-title elementor-size-default\">Alkaen 1 000\u20ac +ALV<\/h2>\t\t<\/div>\n\t\t\t\t<\/div>\n\t\t\t\t<div class=\"elementor-element elementor-element-4e6521ed wpr-button-icon-style-inline wpr-button-icon-position-right elementor-widget elementor-widget-wpr-button\" data-id=\"4e6521ed\" data-element_type=\"widget\" data-widget_type=\"wpr-button.default\">\n\t\t\t\t<div class=\"elementor-widget-container\">\n\t\t\t\t\n\t\t\t\n\t\t\n\t\t<div class=\"wpr-button-wrap elementor-clearfix\">\n\t\t<a class=\"wpr-button wpr-button-effect wpr-button-none\" data-text=\"Go\" href=\"https:\/\/joonasnieminen.fi\/en\/contact\/\">\n\t\t\t\n\t\t\t<span class=\"wpr-button-content\">\n\t\t\t\t\t\t\t\t\t<span class=\"wpr-button-text\">Contact<\/span>\n\t\t\t\t\t\t\t\t\n\t\t\t\t\t\t\t<\/span>\n\t\t<\/a>\n\n\t\t\t\t<\/div>\n\t\n\t\n\t\t\t<\/div>\n\t\t\t\t<\/div>\n\t\t\t\t\t<\/div>\n\t\t<\/div>\n\t\t\t\t<div class=\"elementor-column elementor-col-50 elementor-top-column elementor-element elementor-element-1b071718\" data-id=\"1b071718\" data-element_type=\"column\">\n\t\t\t<div class=\"elementor-widget-wrap elementor-element-populated\">\n\t\t\t\t\t\t<div class=\"elementor-element elementor-element-137f57a9 elementor-widget elementor-widget-image\" data-id=\"137f57a9\" data-element_type=\"widget\" data-widget_type=\"image.default\">\n\t\t\t\t<div class=\"elementor-widget-container\">\n\t\t\t\t\t\t\t\t\t\t\t\t\t<img decoding=\"async\" width=\"1556\" height=\"876\" src=\"https:\/\/joonasnieminen.fi\/wp-content\/uploads\/2024\/08\/eye_anim.jpg\" class=\"attachment-full size-full wp-image-2055\" alt=\"\" srcset=\"https:\/\/joonasnieminen.fi\/wp-content\/uploads\/2024\/08\/eye_anim.jpg 1556w, https:\/\/joonasnieminen.fi\/wp-content\/uploads\/2024\/08\/eye_anim-300x169.jpg 300w, https:\/\/joonasnieminen.fi\/wp-content\/uploads\/2024\/08\/eye_anim-1024x576.jpg 1024w, https:\/\/joonasnieminen.fi\/wp-content\/uploads\/2024\/08\/eye_anim-768x432.jpg 768w, https:\/\/joonasnieminen.fi\/wp-content\/uploads\/2024\/08\/eye_anim-1536x865.jpg 1536w, https:\/\/joonasnieminen.fi\/wp-content\/uploads\/2024\/08\/eye_anim-18x10.jpg 18w\" sizes=\"(max-width: 1556px) 100vw, 1556px\" \/>\t\t\t\t\t\t\t\t\t\t\t\t\t<\/div>\n\t\t\t\t<\/div>\n\t\t\t\t\t<\/div>\n\t\t<\/div>\n\t\t\t\t\t<\/div>\n\t\t<\/section>\n\t\t\t\t<section class=\"elementor-section elementor-top-section elementor-element elementor-element-5660908d elementor-section-boxed elementor-section-height-default elementor-section-height-default wpr-particle-no wpr-jarallax-no wpr-parallax-no wpr-sticky-section-no\" data-id=\"5660908d\" data-element_type=\"section\">\n\t\t\t\t\t\t<div class=\"elementor-container elementor-column-gap-wide\">\n\t\t\t\t\t<div class=\"elementor-column elementor-col-50 elementor-top-column elementor-element elementor-element-4e40fcd2\" data-id=\"4e40fcd2\" data-element_type=\"column\">\n\t\t\t<div class=\"elementor-widget-wrap elementor-element-populated\">\n\t\t\t\t\t\t<div class=\"elementor-element elementor-element-2eec5422 elementor-widget elementor-widget-image\" data-id=\"2eec5422\" data-element_type=\"widget\" data-widget_type=\"image.default\">\n\t\t\t\t<div class=\"elementor-widget-container\">\n\t\t\t\t\t\t\t\t\t\t\t\t\t<img decoding=\"async\" src=\"https:\/\/joonasnieminen.fi\/wp-content\/uploads\/2023\/08\/Project-4.jpg\" title=\"\" alt=\"\" loading=\"lazy\" \/>\t\t\t\t\t\t\t\t\t\t\t\t\t<\/div>\n\t\t\t\t<\/div>\n\t\t\t\t<div class=\"elementor-element elementor-element-207a82d elementor-widget elementor-widget-video\" data-id=\"207a82d\" data-element_type=\"widget\" data-settings=\"{&quot;youtube_url&quot;:&quot;https:\\\/\\\/www.youtube.com\\\/watch?v=-rMiD23dDYg&quot;,&quot;show_image_overlay&quot;:&quot;yes&quot;,&quot;image_overlay&quot;:{&quot;url&quot;:&quot;https:\\\/\\\/joonasnieminen.fi\\\/wp-content\\\/uploads\\\/2024\\\/03\\\/kielisuihku_cover.jpg&quot;,&quot;id&quot;:1504,&quot;size&quot;:&quot;&quot;,&quot;alt&quot;:&quot;&quot;,&quot;source&quot;:&quot;library&quot;},&quot;video_type&quot;:&quot;youtube&quot;,&quot;controls&quot;:&quot;yes&quot;}\" data-widget_type=\"video.default\">\n\t\t\t\t<div class=\"elementor-widget-container\">\n\t\t\t<style>\/*! elementor - v3.23.0 - 05-08-2024 *\/\n.elementor-widget-video .elementor-widget-container{overflow:hidden;transform:translateZ(0)}.elementor-widget-video .elementor-wrapper{aspect-ratio:var(--video-aspect-ratio)}.elementor-widget-video .elementor-wrapper iframe,.elementor-widget-video .elementor-wrapper video{height:100%;width:100%;display:flex;border:none;background-color:#000}@supports not (aspect-ratio:1\/1){.elementor-widget-video .elementor-wrapper{position:relative;overflow:hidden;height:0;padding-bottom:calc(100% \/ var(--video-aspect-ratio))}.elementor-widget-video .elementor-wrapper iframe,.elementor-widget-video .elementor-wrapper video{position:absolute;top:0;right:0;bottom:0;left:0}}.elementor-widget-video .elementor-open-inline .elementor-custom-embed-image-overlay{position:absolute;top:0;right:0;bottom:0;left:0;background-size:cover;background-position:50%}.elementor-widget-video .elementor-custom-embed-image-overlay{cursor:pointer;text-align:center}.elementor-widget-video .elementor-custom-embed-image-overlay:hover .elementor-custom-embed-play i{opacity:1}.elementor-widget-video .elementor-custom-embed-image-overlay img{display:block;width:100%;aspect-ratio:var(--video-aspect-ratio);-o-object-fit:cover;object-fit:cover;-o-object-position:center center;object-position:center center}@supports not (aspect-ratio:1\/1){.elementor-widget-video .elementor-custom-embed-image-overlay{position:relative;overflow:hidden;height:0;padding-bottom:calc(100% \/ var(--video-aspect-ratio))}.elementor-widget-video .elementor-custom-embed-image-overlay img{position:absolute;top:0;right:0;bottom:0;left:0}}.elementor-widget-video .e-hosted-video .elementor-video{-o-object-fit:cover;object-fit:cover}.e-con-inner>.elementor-widget-video,.e-con>.elementor-widget-video{width:var(--container-widget-width);--flex-grow:var(--container-widget-flex-grow)}<\/style>\t\t<div class=\"elementor-wrapper elementor-open-inline\">\n\t\t\t<div class=\"elementor-video\"><\/div>\t\t\t\t<div class=\"elementor-custom-embed-image-overlay\" style=\"background-image: url(https:\/\/joonasnieminen.fi\/wp-content\/uploads\/2024\/03\/kielisuihku_cover.jpg);\">\n\t\t\t\t\t\t\t\t\t\t\t\t\t\t\t\t<div class=\"elementor-custom-embed-play\" role=\"button\" aria-label=\"Play Video\" tabindex=\"0\">\n\t\t\t\t\t\t\t<svg aria-hidden=\"true\" class=\"e-font-icon-svg e-eicon-play\" viewbox=\"0 0 1000 1000\" xmlns=\"http:\/\/www.w3.org\/2000\/svg\"><path d=\"M838 162C746 71 633 25 500 25 371 25 258 71 163 162 71 254 25 367 25 500 25 633 71 746 163 837 254 929 367 979 500 979 633 979 746 933 838 837 929 746 975 633 975 500 975 367 929 254 838 162M808 192C892 279 933 379 933 500 933 621 892 725 808 808 725 892 621 938 500 938 379 938 279 896 196 808 113 725 67 621 67 500 67 379 108 279 196 192 279 108 383 62 500 62 621 62 721 108 808 192M438 392V642L642 517 438 392Z\"><\/path><\/svg>\t\t\t\t\t\t\t<span class=\"elementor-screen-only\">Play Video<\/span>\n\t\t\t\t\t\t<\/div>\n\t\t\t\t\t\t\t\t\t<\/div>\n\t\t\t\t\t<\/div>\n\t\t\t\t<\/div>\n\t\t\t\t<\/div>\n\t\t\t\t\t<\/div>\n\t\t<\/div>\n\t\t\t\t<div class=\"elementor-column elementor-col-50 elementor-top-column elementor-element elementor-element-2d06e23e\" data-id=\"2d06e23e\" data-element_type=\"column\">\n\t\t\t<div class=\"elementor-widget-wrap elementor-element-populated\">\n\t\t\t\t\t\t<div class=\"elementor-element elementor-element-4e5aa07e elementor-widget elementor-widget-heading\" data-id=\"4e5aa07e\" data-element_type=\"widget\" data-widget_type=\"heading.default\">\n\t\t\t\t<div class=\"elementor-widget-container\">\n\t\t\t<h2 class=\"elementor-heading-title elementor-size-default\">Raskaampi animaatio<\/h2>\t\t<\/div>\n\t\t\t\t<\/div>\n\t\t\t\t<div class=\"elementor-element elementor-element-11a7f8a8 elementor-widget elementor-widget-text-editor\" data-id=\"11a7f8a8\" data-element_type=\"widget\" data-widget_type=\"text-editor.default\">\n\t\t\t\t<div class=\"elementor-widget-container\">\n\t\t\t\t\t\t\t<p>On tilanteita miss\u00e4 kokonaan animoitu video on parempi ratkaisu kuin sis\u00e4llytt\u00e4\u00e4 lyhyempi\u00e4 animaatioita kuvatun videon sis\u00e4lle. Pidempi animaatio vaatii my\u00f6s ty\u00f6t\u00e4 ja toivottu tyyli voidaan joutua hakemaan yhteisty\u00f6ss\u00e4 erillisen graafikon kanssa. Kuten t\u00e4ss\u00e4 Jyv\u00e4skyl\u00e4n kaupungin tilaamassa projektissa tein yhteisty\u00f6t\u00e4 mm. graafikko Lauri Renvallin kanssa.<\/p>\t\t\t\t\t\t<\/div>\n\t\t\t\t<\/div>\n\t\t\t\t<div class=\"elementor-element elementor-element-5ce63dad elementor-widget elementor-widget-heading\" data-id=\"5ce63dad\" data-element_type=\"widget\" data-widget_type=\"heading.default\">\n\t\t\t\t<div class=\"elementor-widget-container\">\n\t\t\t<h2 class=\"elementor-heading-title elementor-size-default\">Alkaen 2 000\u20ac +ALV<\/h2>\t\t<\/div>\n\t\t\t\t<\/div>\n\t\t\t\t<div class=\"elementor-element elementor-element-c416c87 wpr-button-icon-style-inline wpr-button-icon-position-right elementor-widget elementor-widget-wpr-button\" data-id=\"c416c87\" data-element_type=\"widget\" data-widget_type=\"wpr-button.default\">\n\t\t\t\t<div class=\"elementor-widget-container\">\n\t\t\t\t\n\t\t\t\n\t\t\n\t\t<div class=\"wpr-button-wrap elementor-clearfix\">\n\t\t<a class=\"wpr-button wpr-button-effect wpr-button-none\" data-text=\"Go\" href=\"https:\/\/joonasnieminen.fi\/en\/contact\/\">\n\t\t\t\n\t\t\t<span class=\"wpr-button-content\">\n\t\t\t\t\t\t\t\t\t<span class=\"wpr-button-text\">Contact<\/span>\n\t\t\t\t\t\t\t\t\n\t\t\t\t\t\t\t<\/span>\n\t\t<\/a>\n\n\t\t\t\t<\/div>\n\t\n\t\n\t\t\t<\/div>\n\t\t\t\t<\/div>\n\t\t\t\t\t<\/div>\n\t\t<\/div>\n\t\t\t\t\t<\/div>\n\t\t<\/section>\n\t\t\t\t<section class=\"elementor-section elementor-top-section elementor-element elementor-element-69a7aff elementor-section-boxed elementor-section-height-default elementor-section-height-default wpr-particle-no wpr-jarallax-no wpr-parallax-no wpr-sticky-section-no\" data-id=\"69a7aff\" data-element_type=\"section\">\n\t\t\t\t\t\t<div class=\"elementor-container elementor-column-gap-wide\">\n\t\t\t\t\t<div class=\"elementor-column elementor-col-50 elementor-top-column elementor-element elementor-element-2cd0dce\" data-id=\"2cd0dce\" data-element_type=\"column\">\n\t\t\t<div class=\"elementor-widget-wrap elementor-element-populated\">\n\t\t\t\t\t\t<div class=\"elementor-element elementor-element-a3c0e1c elementor-widget elementor-widget-heading\" data-id=\"a3c0e1c\" data-element_type=\"widget\" data-widget_type=\"heading.default\">\n\t\t\t\t<div class=\"elementor-widget-container\">\n\t\t\t<h2 class=\"elementor-heading-title elementor-size-default\">Animaatiot tapahtumiin<\/h2>\t\t<\/div>\n\t\t\t\t<\/div>\n\t\t\t\t<div class=\"elementor-element elementor-element-6a1ea9c elementor-widget elementor-widget-text-editor\" data-id=\"6a1ea9c\" data-element_type=\"widget\" data-widget_type=\"text-editor.default\">\n\t\t\t\t<div class=\"elementor-widget-container\">\n\t\t\t\t\t\t\t<p>Tapahtumissa on isoja n\u00e4ytt\u00f6j\u00e4, ja taukojen aikana p\u00e4\u00e4lavan tausta voidaan hy\u00f6tyk\u00e4ytt\u00e4\u00e4 n\u00e4ytt\u00e4vill\u00e4 sek\u00e4 informatiivisilla sis\u00e4ll\u00f6ill\u00e4. Olen ollut mukana luomassa sis\u00e4lt\u00f6j\u00e4 moniin tapahtumiin joita mm. Peter Vesterbacka on kehunut. T\u00e4ss\u00e4 muutama asiakas ketk\u00e4 ovat tilanneet minulta sis\u00e4lt\u00f6j\u00e4 heid\u00e4n tapahtumiinsa: Valmet, Metso, Illuusio -peliseminaari, Peliosuuskunta EXPA, Solver X, Monitor ERP ja Valve Media.<\/p>\t\t\t\t\t\t<\/div>\n\t\t\t\t<\/div>\n\t\t\t\t<div class=\"elementor-element elementor-element-e7e3e65 elementor-widget elementor-widget-heading\" data-id=\"e7e3e65\" data-element_type=\"widget\" data-widget_type=\"heading.default\">\n\t\t\t\t<div class=\"elementor-widget-container\">\n\t\t\t<h2 class=\"elementor-heading-title elementor-size-default\">Starting at 100\u20ac\/h +VAT<\/h2>\t\t<\/div>\n\t\t\t\t<\/div>\n\t\t\t\t<div class=\"elementor-element elementor-element-96c9383 wpr-button-icon-style-inline wpr-button-icon-position-right elementor-widget elementor-widget-wpr-button\" data-id=\"96c9383\" data-element_type=\"widget\" data-widget_type=\"wpr-button.default\">\n\t\t\t\t<div class=\"elementor-widget-container\">\n\t\t\t\t\n\t\t\t\n\t\t\n\t\t<div class=\"wpr-button-wrap elementor-clearfix\">\n\t\t<a class=\"wpr-button wpr-button-effect wpr-button-none\" data-text=\"Go\" href=\"https:\/\/joonasnieminen.fi\/en\/services\/events\/\">\n\t\t\t\n\t\t\t<span class=\"wpr-button-content\">\n\t\t\t\t\t\t\t\t\t<span class=\"wpr-button-text\">Tutustu tapahtumakuvaukseen<\/span>\n\t\t\t\t\t\t\t\t\n\t\t\t\t\t\t\t<\/span>\n\t\t<\/a>\n\n\t\t\t\t<\/div>\n\t\n\t\n\t\t\t<\/div>\n\t\t\t\t<\/div>\n\t\t\t\t<div class=\"elementor-element elementor-element-41b192d wpr-button-icon-style-inline wpr-button-icon-position-right elementor-widget elementor-widget-wpr-button\" data-id=\"41b192d\" data-element_type=\"widget\" data-widget_type=\"wpr-button.default\">\n\t\t\t\t<div class=\"elementor-widget-container\">\n\t\t\t\t\n\t\t\t\n\t\t\n\t\t<div class=\"wpr-button-wrap elementor-clearfix\">\n\t\t<a class=\"wpr-button wpr-button-effect wpr-button-none\" data-text=\"Go\" href=\"https:\/\/joonasnieminen.fi\/en\/contact\/\">\n\t\t\t\n\t\t\t<span class=\"wpr-button-content\">\n\t\t\t\t\t\t\t\t\t<span class=\"wpr-button-text\">Contact<\/span>\n\t\t\t\t\t\t\t\t\n\t\t\t\t\t\t\t<\/span>\n\t\t<\/a>\n\n\t\t\t\t<\/div>\n\t\n\t\n\t\t\t<\/div>\n\t\t\t\t<\/div>\n\t\t\t\t\t<\/div>\n\t\t<\/div>\n\t\t\t\t<div class=\"elementor-column elementor-col-50 elementor-top-column elementor-element elementor-element-218acca\" data-id=\"218acca\" data-element_type=\"column\">\n\t\t\t<div class=\"elementor-widget-wrap elementor-element-populated\">\n\t\t\t\t\t\t<div class=\"elementor-element elementor-element-bfca221 elementor-widget elementor-widget-image\" data-id=\"bfca221\" data-element_type=\"widget\" data-widget_type=\"image.default\">\n\t\t\t\t<div class=\"elementor-widget-container\">\n\t\t\t\t\t\t\t\t\t\t\t\t\t<img decoding=\"async\" width=\"888\" height=\"888\" src=\"https:\/\/joonasnieminen.fi\/wp-content\/uploads\/2024\/02\/xmasjkl_anim_photo.jpg\" class=\"attachment-full size-full wp-image-1165\" alt=\"\" srcset=\"https:\/\/joonasnieminen.fi\/wp-content\/uploads\/2024\/02\/xmasjkl_anim_photo.jpg 888w, https:\/\/joonasnieminen.fi\/wp-content\/uploads\/2024\/02\/xmasjkl_anim_photo-300x300.jpg 300w, https:\/\/joonasnieminen.fi\/wp-content\/uploads\/2024\/02\/xmasjkl_anim_photo-150x150.jpg 150w, https:\/\/joonasnieminen.fi\/wp-content\/uploads\/2024\/02\/xmasjkl_anim_photo-768x768.jpg 768w, https:\/\/joonasnieminen.fi\/wp-content\/uploads\/2024\/02\/xmasjkl_anim_photo-12x12.jpg 12w\" sizes=\"(max-width: 888px) 100vw, 888px\" \/>\t\t\t\t\t\t\t\t\t\t\t\t\t<\/div>\n\t\t\t\t<\/div>\n\t\t\t\t\t<\/div>\n\t\t<\/div>\n\t\t\t\t\t<\/div>\n\t\t<\/section>\n\t\t\t\t<\/div>","protected":false},"excerpt":{"rendered":"<p>Grafiikka-animaatiot Osana videotuotantoa Kaikki kokonaisvaltaiset videotuotantoni pit\u00e4v\u00e4t sis\u00e4ll\u00e4\u00e4n tietyn m\u00e4\u00e4r\u00e4n grafiikka-animaatioita, kuten asiakkaan br\u00e4ndin mukaiset introt, outrot, tittelit yms. Mutta n\u00e4iden lis\u00e4ksi videoita voidaan el\u00e4v\u00f6itt\u00e4\u00e4 pienill\u00e4 lis\u00e4animaatioilla. Keskikokoinen animaatio Jos pienet lis\u00e4animaatiot eiv\u00e4t riit\u00e4, niin voidaan tehd\u00e4 ns. keskikokoinen animaatio joka kertoo asian katsojalle tehokkaammin. T\u00e4m\u00e4nkaltainen animaatio ratkaisu toimii hyvin teknisiss\u00e4 ja abstrakteissakin aiheissa. Kuten vaikka silm\u00e4sairauksien eri hoitotavat. On paljon miellytt\u00e4v\u00e4mp\u00e4\u00e4 katsoa t\u00e4st\u00e4 kliinimpi animaatio kuin itse toimenpide &#8211; eik\u00f6 vain. Alkaen 1 000\u20ac +ALV Ota yhteytt\u00e4 Raskaampi animaatio On tilanteita miss\u00e4 kokonaan animoitu video on parempi ratkaisu kuin sis\u00e4llytt\u00e4\u00e4 lyhyempi\u00e4 animaatioita kuvatun videon sis\u00e4lle. Pidempi animaatio vaatii my\u00f6s ty\u00f6t\u00e4 ja toivottu tyyli voidaan joutua hakemaan yhteisty\u00f6ss\u00e4 erillisen graafikon kanssa. Kuten t\u00e4ss\u00e4 Jyv\u00e4skyl\u00e4n kaupungin tilaamassa projektissa tein yhteisty\u00f6t\u00e4 mm. graafikko Lauri Renvallin kanssa. Alkaen 2 000\u20ac +ALV Ota yhteytt\u00e4 Animaatiot tapahtumiin Tapahtumissa on isoja n\u00e4ytt\u00f6j\u00e4, ja taukojen aikana p\u00e4\u00e4lavan tausta voidaan hy\u00f6tyk\u00e4ytt\u00e4\u00e4 n\u00e4ytt\u00e4vill\u00e4 sek\u00e4 informatiivisilla sis\u00e4ll\u00f6ill\u00e4. Olen ollut mukana luomassa sis\u00e4lt\u00f6j\u00e4 moniin tapahtumiin joita mm. Peter Vesterbacka on kehunut. T\u00e4ss\u00e4 muutama asiakas ketk\u00e4 ovat tilanneet minulta sis\u00e4lt\u00f6j\u00e4 heid\u00e4n tapahtumiinsa: Valmet, Metso, Illuusio -peliseminaari, Peliosuuskunta EXPA, Solver X, Monitor ERP ja Valve Media. Alkaen 100\u20ac\/h +ALV Tutustu tapahtumakuvaukseen Ota yhteytt\u00e4<\/p>","protected":false},"author":1,"featured_media":0,"parent":441,"menu_order":0,"comment_status":"closed","ping_status":"closed","template":"elementor_canvas","meta":{"footnotes":""},"class_list":["post-843","page","type-page","status-publish","hentry"],"_links":{"self":[{"href":"https:\/\/joonasnieminen.fi\/en\/wp-json\/wp\/v2\/pages\/843"}],"collection":[{"href":"https:\/\/joonasnieminen.fi\/en\/wp-json\/wp\/v2\/pages"}],"about":[{"href":"https:\/\/joonasnieminen.fi\/en\/wp-json\/wp\/v2\/types\/page"}],"author":[{"embeddable":true,"href":"https:\/\/joonasnieminen.fi\/en\/wp-json\/wp\/v2\/users\/1"}],"replies":[{"embeddable":true,"href":"https:\/\/joonasnieminen.fi\/en\/wp-json\/wp\/v2\/comments?post=843"}],"version-history":[{"count":16,"href":"https:\/\/joonasnieminen.fi\/en\/wp-json\/wp\/v2\/pages\/843\/revisions"}],"predecessor-version":[{"id":2178,"href":"https:\/\/joonasnieminen.fi\/en\/wp-json\/wp\/v2\/pages\/843\/revisions\/2178"}],"up":[{"embeddable":true,"href":"https:\/\/joonasnieminen.fi\/en\/wp-json\/wp\/v2\/pages\/441"}],"wp:attachment":[{"href":"https:\/\/joonasnieminen.fi\/en\/wp-json\/wp\/v2\/media?parent=843"}],"curies":[{"name":"wp","href":"https:\/\/api.w.org\/{rel}","templated":true}]}}