{"id":2180,"date":"2024-10-11T13:14:29","date_gmt":"2024-10-11T13:14:29","guid":{"rendered":"https:\/\/joonasnieminen.fi\/?page_id=2180"},"modified":"2024-10-11T13:39:59","modified_gmt":"2024-10-11T13:39:59","slug":"vuoden-yksinyrittaja","status":"publish","type":"page","link":"https:\/\/joonasnieminen.fi\/en\/vuoden-yksinyrittaja\/","title":{"rendered":"Solo-Entrepreneur of the Year?"},"content":{"rendered":"<div data-elementor-type=\"wp-page\" data-elementor-id=\"2180\" class=\"elementor elementor-2180\">\n\t\t\t\t<div class=\"elementor-element elementor-element-5250ec2 e-grid e-con-boxed wpr-particle-no wpr-jarallax-no wpr-parallax-no wpr-sticky-section-no e-con e-parent\" data-id=\"5250ec2\" data-element_type=\"container\">\n\t\t\t\t\t<div class=\"e-con-inner\">\n\t\t\t\t<div class=\"elementor-element elementor-element-e44a023 elementor-widget elementor-widget-heading\" data-id=\"e44a023\" data-element_type=\"widget\" data-widget_type=\"heading.default\">\n\t\t\t\t<div class=\"elementor-widget-container\">\n\t\t\t<style>\/*! elementor - v3.23.0 - 05-08-2024 *\/\n.elementor-heading-title{padding:0;margin:0;line-height:1}.elementor-widget-heading .elementor-heading-title[class*=elementor-size-]>a{color:inherit;font-size:inherit;line-height:inherit}.elementor-widget-heading .elementor-heading-title.elementor-size-small{font-size:15px}.elementor-widget-heading .elementor-heading-title.elementor-size-medium{font-size:19px}.elementor-widget-heading .elementor-heading-title.elementor-size-large{font-size:29px}.elementor-widget-heading .elementor-heading-title.elementor-size-xl{font-size:39px}.elementor-widget-heading .elementor-heading-title.elementor-size-xxl{font-size:59px}<\/style><h2 class=\"elementor-heading-title elementor-size-default\">Solo-Entrepreneur of the Year?<\/h2>\t\t<\/div>\n\t\t\t\t<\/div>\n\t\t\t\t\t<\/div>\n\t\t\t\t<\/div>\n\t\t<div class=\"elementor-element elementor-element-df47d90 e-grid e-con-boxed wpr-particle-no wpr-jarallax-no wpr-parallax-no wpr-sticky-section-no e-con e-parent\" data-id=\"df47d90\" data-element_type=\"container\">\n\t\t\t\t\t<div class=\"e-con-inner\">\n\t\t\t\t<div class=\"elementor-element elementor-element-0d824b3 elementor-widget elementor-widget-text-editor\" data-id=\"0d824b3\" data-element_type=\"widget\" data-widget_type=\"text-editor.default\">\n\t\t\t\t<div class=\"elementor-widget-container\">\n\t\t\t<style>\/*! elementor - v3.23.0 - 05-08-2024 *\/\n.elementor-widget-text-editor.elementor-drop-cap-view-stacked .elementor-drop-cap{background-color:#69727d;color:#fff}.elementor-widget-text-editor.elementor-drop-cap-view-framed .elementor-drop-cap{color:#69727d;border:3px solid;background-color:transparent}.elementor-widget-text-editor:not(.elementor-drop-cap-view-default) .elementor-drop-cap{margin-top:8px}.elementor-widget-text-editor:not(.elementor-drop-cap-view-default) .elementor-drop-cap-letter{width:1em;height:1em}.elementor-widget-text-editor .elementor-drop-cap{float:left;text-align:center;line-height:1;font-size:50px}.elementor-widget-text-editor .elementor-drop-cap-letter{display:inline-block}<\/style>\t\t\t\t<p class=\"MsoNormal\"><span lang=\"FI\">Hello my client\/collaborator,<\/span><\/p><p class=\"MsoNormal\"><span lang=\"FI\">Central Finland's Entrepreneurs' Festival is approaching (January 25, 2025) and at the same time, meritorious entrepreneurs are also awarded for the work they do<b>. If you feel that I have helped you\/your company in the form of my work input<\/b>, I would be very grateful if you would nominate me for Central Finland's Sole Entrepreneur of the Year 2024. Characteristics that are expected from the Sole Entrepreneur of the Year; an unyielding and meaningful entrepreneurial attitude, makes the customer's everyday life better or leaves them speechless with creativity and innovation. <\/span><\/p><p class=\"MsoNormal\"><span lang=\"FI\">Even if you don't live in the Central Finland region, it's no problem - any customer\/collaborator can fill out the form, no matter where they live.<\/span><\/p><p class=\"MsoNormal\"><span lang=\"FI\">My entrepreneur story was published <b>in Keskisuomalainen newspaper<\/b> August 26 of this year - if you didn't read the article, here is the link to the article in the KSML online magazine (for subscribers), as well as to my Instagram post, through which you can read it:<br \/><b>KSML.fi:<\/b> <a href=\"https:\/\/www.ksml.fi\/paikalliset\/7734838?fbclid=IwY2xjawF19EBleHRuA2FlbQIxMQABHb-G9nCDbbJCe4pDJm5u-Bqv1L97h2SK3pqQntGvw8Td6eaIkvJlRKU_Hw_aem_2dNh2FR3LSfTzWM3QDSc3A\" target=\"_blank\" rel=\"noopener\">https:\/\/www.ksml.fi\/paikalliset\/7734838?fbclid=IwY2xjawF19EBleHRuA2FlbQIxMQABHb-G9nCDbbJCe4pDJm5u-Bqv1L97h2SK3pqQntGvw8Td6eaIkvJlRKU_Hw_aem_2dNh2FR3LSfTzWM3QDSc3A<\/a><br \/><b>Instagram:<\/b> <a href=\"https:\/\/www.instagram.com\/p\/C_IDryyAMn6\/?img_index=1\" target=\"_blank\" rel=\"noopener\">https:\/\/www.instagram.com\/p\/C_IDryyAMn6\/?img_index=1<\/a><\/span><\/p><p class=\"MsoNormal\"><span lang=\"FI\">I have been working as an entrepreneur since 2016 and I have been working in the media industry for more than 15 years. My clients are e.g. <b>Valmet<\/b>, <b>Metso<\/b>, <b>Monitor<\/b> <b>ERP<\/b>, <b>Epson<\/b>, <b>City of Jyv\u00e4skyl\u00e4<\/b> etc. The work I do requires hands-on and strong technical skills. In addition to my Bachelors Degree in Arts and Culture - my IT engineer studies and my background as a professional video gamer, I have a versatile toolkit with which I can solve my clients' problems. Competitive spirit and continuous learning can be seen in everything I do. I strive to find new ways of working and technologies with which I can increase my work efficiency and fuel my innovation - the newest of these technologies is artificial intelligence, which I study at the moment.<\/span><\/p><p class=\"MsoNormal\"><span lang=\"FI\">In addition to my clients and my own projects, I am involved in many different TV productions such as; <b>Suomen Huutokauppakeisari (Redneck Auction)<\/b> the 17th season of which was filmed this summer, <b>Grand Designs Finland<\/b> (whose 3rd season is currently being filmed) was awarded <b>Kultainen Venla<\/b> award as the best <i>Lifestyle-program<\/i> and <b>YLE MOT<\/b> was awarded also <b>Kultainen Venla<\/b> trophy as the best <i>News and current affairs program<\/i>. Other TV productions I have been involved in: <b>Maajussille Morsian<\/b>, <b>Farmi<\/b>, <b>Pikku Kakkonen<\/b> etc. Now, I've been an entrepreneur for more than 8 years and I have been involved in many different projects around Europe - currently I'm working in a documentary related to \"destruction derby rally\". In addition to film projects, I also pass on the knowledge I've learned, and the latest trainings I've held at Jyv\u00e4skyl\u00e4 Gradia and Helsinki Design School.<\/span><\/p><p class=\"MsoNormal\"><span lang=\"FI\">I hope that with my work I have helped you in your everyday life and brought added value to your activities. I would be very pleased if you would suggest me for Central Finland's Sole Entrepreneur of the Year.<\/span><\/p><p class=\"MsoNormal\"><b>Link to the Central Finland Entrepreneurs proposal form:<\/b><span lang=\"FI\"> <a href=\"https:\/\/link.webropolsurveys.com\/Participation\/Public\/688acb0b-90e0-473a-9710-9b8f4198ea82?displayId=Fin3189175&amp;fbclid=IwY2xjawF16qtleHRuA2FlbQIxMAABHVw1NCz3b0-xUXEL6e8DG6KHzLTj26XqRQxqZC0cYZ5l2OG0vXt-IaqOaA_aem_Xwc0CLhx5sV4QFo-nayUyQ\" target=\"_blank\" rel=\"noopener\">https:\/\/link.webropolsurveys.com\/Participation\/Public\/688acb0b-90e0-473a-9710-9b8f4198ea82?displayId=Fin3189175&amp;fbclid=IwY2xjawF16qtleHRuA2FlbQIxMAABHVw1NCz3b0-xUXEL6e8DG6KHzLTj26XqRQxqZC0cYZ5l2OG0vXt-IaqOaA_aem_Xwc0CLhx5sV4QFo-nayUyQ<\/a><\/span><\/p><p class=\"MsoNormal\"><span lang=\"FI\">Here is the \"already-processed\" information for filling out the proposal form:<\/span><\/p><p class=\"MsoListParagraphCxSpFirst\" style=\"text-indent: -18.0pt; mso-list: l0 level1 lfo1;\"><!-- [if !supportLists]--><span lang=\"FI\">1.<span style=\"font-variant-numeric: normal; font-variant-east-asian: normal; font-variant-alternates: normal; font-size-adjust: none; font-kerning: auto; font-optical-sizing: auto; font-feature-settings: normal; font-variation-settings: normal; font-variant-position: normal; font-stretch: normal; font-size: 7pt; line-height: normal; font-family: 'Times New Roman';\">\u00a0\u00a0\u00a0\u00a0\u00a0 <\/span><\/span><!--[endif]--><b>Mihin palkintokategoriaan ehdotuksesi kuuluu? (Which award category does your proposal belong to?):<\/b><span lang=\"FI\"><br \/>CHECK THIS: <b>Keski-Suomen Vuoden yksinyritt\u00e4j\u00e4 2024<\/b><\/span><\/p><p class=\"MsoListParagraphCxSpMiddle\" style=\"text-indent: -18.0pt; mso-list: l0 level1 lfo1;\"><!-- [if !supportLists]--><span lang=\"FI\">2.<span style=\"font-variant-numeric: normal; font-variant-east-asian: normal; font-variant-alternates: normal; font-size-adjust: none; font-kerning: auto; font-optical-sizing: auto; font-feature-settings: normal; font-variation-settings: normal; font-variant-position: normal; font-stretch: normal; font-size: 7pt; line-height: normal; font-family: 'Times New Roman';\">\u00a0\u00a0\u00a0\u00a0\u00a0 <\/span><\/span><!--[endif]--><b>Ehdotuksesi palkinnon saajaksi (Your suggestion for the awardee):<\/b><span lang=\"FI\"><br \/>Nimi: Joonas Nieminen<br \/>Yritys: JoonasNieminen.fi<br \/>Y-tunnus (Business ID): 2778312-1<br \/>Kotipaikka: Jyv\u00e4skyl\u00e4<br \/>Toimiala: Valokuvaamot ja muu kuvaustoiminta<br \/>Kotisivut: https:\/\/www.joonasnieminen.fi\/<\/span><\/p><p class=\"MsoListParagraphCxSpMiddle\" style=\"text-indent: -18.0pt; mso-list: l0 level1 lfo1;\"><!-- [if !supportLists]--><span lang=\"FI\">3.<span style=\"font-variant-numeric: normal; font-variant-east-asian: normal; font-variant-alternates: normal; font-size-adjust: none; font-kerning: auto; font-optical-sizing: auto; font-feature-settings: normal; font-variation-settings: normal; font-variant-position: normal; font-stretch: normal; font-size: 7pt; line-height: normal; font-family: 'Times New Roman';\">\u00a0\u00a0\u00a0\u00a0\u00a0 <\/span><\/span><!--[endif]--><b>T\u00e4rkeimm\u00e4t tuotteet tai palvelut (most important services)<\/b><span lang=\"FI\"><br \/>*** Tell me in your own words what you think are my most important services, below as a reminder what you can order from me ***<br \/>Video productions, photography, graphic animations, artificial intelligence content and training.<\/span><\/p><p class=\"MsoListParagraphCxSpMiddle\" style=\"text-indent: -18.0pt; mso-list: l0 level1 lfo1;\"><!-- [if !supportLists]--><span lang=\"FI\">4.<span style=\"font-variant-numeric: normal; font-variant-east-asian: normal; font-variant-alternates: normal; font-size-adjust: none; font-kerning: auto; font-optical-sizing: auto; font-feature-settings: normal; font-variation-settings: normal; font-variant-position: normal; font-stretch: normal; font-size: 7pt; line-height: normal; font-family: 'Times New Roman';\">\u00a0\u00a0\u00a0\u00a0\u00a0 <\/span><\/span><!--[endif]--><b>Valinnan perustelut (Reasons for selection)<br \/><\/b><span lang=\"FI\">*** Tell me here in your own words how I have helped you or how the cooperation with me has gone, remember the features mentioned above - how do these come out in my work? ***<\/span><\/p><p class=\"MsoListParagraphCxSpLast\" style=\"text-indent: -18.0pt; mso-list: l0 level1 lfo1;\"><!-- [if !supportLists]--><span lang=\"FI\">5.<span style=\"font-variant-numeric: normal; font-variant-east-asian: normal; font-variant-alternates: normal; font-size-adjust: none; font-kerning: auto; font-optical-sizing: auto; font-feature-settings: normal; font-variation-settings: normal; font-variant-position: normal; font-stretch: normal; font-size: 7pt; line-height: normal; font-family: 'Times New Roman';\">\u00a0\u00a0\u00a0\u00a0\u00a0 <\/span><\/span><!--[endif]--><b>J\u00e4t\u00e4 t\u00e4h\u00e4n omat yhteystietosi (Leave your contact information here)<br \/><\/b><span lang=\"FI\">Name, mobile phone, email and company\/organization \u2013 this part aims to ensure that the person submitting the proposal is a genuine customer\/collaborator and not a faceless bot.<br \/><!-- [if !supportLineBreakNewLine]--><br \/><!--[endif]--><\/span><\/p>\t\t\t\t\t\t<\/div>\n\t\t\t\t<\/div>\n\t\t\t\t\t<\/div>\n\t\t\t\t<\/div>\n\t\t\t\t<\/div>","protected":false},"excerpt":{"rendered":"<p>Vuoden Yksinyritt\u00e4j\u00e4? Hei asiakkaani\/yhteisty\u00f6kumppani, Keski-Suomen Yritt\u00e4j\u00e4juhlat l\u00e4hestyv\u00e4t (25.01.2025) ja samalla my\u00f6s palkitaan ansioituneita yritt\u00e4ji\u00e4 heid\u00e4n tekem\u00e4st\u00e4\u00e4n ty\u00f6st\u00e4. Jos koette ett\u00e4 olen auttanut teit\u00e4\/yrityst\u00e4nne ty\u00f6panokseni muodossa, olisin eritt\u00e4in otettu jos ehdottaisitte minua ehdolle Keski-Suomen Vuoden yksinyritt\u00e4j\u00e4ksi 2024. Piirteit\u00e4 joita Vuoden yksinyritt\u00e4j\u00e4lt\u00e4 toivotaan; periksiantamaton ja sisukas yritt\u00e4j\u00e4asenne, tekee asiakkaan arjesta parempaa tai vet\u00e4\u00e4 sanattomaksi luovuudella ja innovatiivisuudella. Vaikka ette asuisikaan Keski-Suomen alueella, niin ei h\u00e4t\u00e4\u00e4 \u2013 lomakkeen voi t\u00e4ytt\u00e4\u00e4 kuka tahansa asiakas\/yhteisty\u00f6kumppani, asui h\u00e4n miss\u00e4 tahansa. Yritt\u00e4j\u00e4tarinani julkaistiin Keskisuomalaisessa t\u00e4m\u00e4n vuoden elokuun 26.pv \u2013 jos juttu j\u00e4i lukematta niin t\u00e4ss\u00e4 linkki KSML verkkolehden artikkeliin (tilaajille), sek\u00e4 tekem\u00e4\u00e4ni Instagram julkaisuun joiden kautta p\u00e4\u00e4see t\u00e4m\u00e4n lukemaan:KSML.fi: https:\/\/www.ksml.fi\/paikalliset\/7734838?fbclid=IwY2xjawF19EBleHRuA2FlbQIxMQABHb-G9nCDbbJCe4pDJm5u-Bqv1L97h2SK3pqQntGvw8Td6eaIkvJlRKU_Hw_aem_2dNh2FR3LSfTzWM3QDSc3AInstagram: https:\/\/www.instagram.com\/p\/C_IDryyAMn6\/?img_index=1 Yritt\u00e4j\u00e4n\u00e4 olen toiminut vuodesta 2016 l\u00e4htien ja media-alalla olen toiminut jo reilut 15-vuotta. Asiakkaitani ovat mm. Valmet, Metso, Monitor ERP, Epson, Jyv\u00e4skyl\u00e4n kaupunki jne. Tekem\u00e4ni ty\u00f6 vaatii luovutta ja vahvaa teknist\u00e4 osaamista. Medianomin papereiden lis\u00e4ksi, IT-insin\u00f6\u00f6ri opintojen ja ammattilaisvideopelaaja taustani ansiosta, minulta l\u00f6ytyy monipuolinen ty\u00f6kalupakki jonka avulla ratkaisen asiakkaideni ongelmia. Kilpailuhenkisyys ja jatkuva oppiminen n\u00e4kyy kaikessa mit\u00e4 teen. Pyrin l\u00f6yt\u00e4m\u00e4\u00e4n uusia ty\u00f6tapoja ja teknologioita joiden avulla nostan ty\u00f6tehokkuuttani ja ruokkimaan innovatiivisuuttani \u2013 uusin n\u00e4ist\u00e4 teknologioista on teko\u00e4ly jota opiskelen ahkerasti. Asiakkaitteni ja omien projektien lis\u00e4ksi, olen mukana monissa eri TV-tuotannoissa kuten; Suomen Huutokauppakeisari jonka 17. tuotantokausi kuvattiin t\u00e4n\u00e4 kes\u00e4n\u00e4, Grand Designs Suomi (jonka 3. tuotantokautta kuvataan parhaillaan) palkittiin Kultainen Venla palkinnolla parhaana Lifestyle-ohjelmana sek\u00e4 YLE MOT palkittiin my\u00f6s Kultainen Venla pystill\u00e4 parhaana Uutis- ja ajankohtais-ohjelmana. Muita TV-tuotantoja joissa olen ollut mukana: Maajussille Morsian, Farmi, Pikku Kakkonen yms. Nyt yritt\u00e4jyytt\u00e4 on takana reilut 8-vuotta ja sit\u00e4 on tullut oltua monessa eri projektissa mukana ymp\u00e4ri Eurooppaa \u2013 parhaillaan tekeill\u00e4 on my\u00f6s dokkari \u201dromuralliin\u201d liittyen. Kuvaamisen lis\u00e4ksi jaan my\u00f6s oppimaani tietoa eteenp\u00e4in ja viimeisimpi\u00e4 koulutuksia olen pit\u00e4nyt Jyv\u00e4skyl\u00e4n Gradiassa sek\u00e4 Helsinki Design Schoolissa tulevaisuuden tekij\u00f6ille. Toivon, ett\u00e4 olen ty\u00f6ll\u00e4ni auttanut teit\u00e4 arjessanne ja tuonut lis\u00e4arvoa toimintaanne. Olisin eritt\u00e4in otettu jos ehdottaisitte minua Keski-Suomen Vuoden Yksinyritt\u00e4j\u00e4ksi. Linkki Keski-Suomen Yritt\u00e4jien ehdotus lomakkeeseen: https:\/\/link.webropolsurveys.com\/Participation\/Public\/688acb0b-90e0-473a-9710-9b8f4198ea82?displayId=Fin3189175&amp;fbclid=IwY2xjawF16qtleHRuA2FlbQIxMAABHVw1NCz3b0-xUXEL6e8DG6KHzLTj26XqRQxqZC0cYZ5l2OG0vXt-IaqOaA_aem_Xwc0CLhx5sV4QFo-nayUyQ T\u00e4ss\u00e4 viel\u00e4 \u201dvalmiiksi pureskeltuna\u201d tiedot ehdotuslomakkeen t\u00e4ytt\u00e4mist\u00e4 varten: 1.\u00a0\u00a0\u00a0\u00a0\u00a0 Mihin palkintokategoriaan ehdotuksesi kuuluu?RUKSI KOHTAAN: Keski-Suomen Vuoden yksinyritt\u00e4j\u00e4 2024 2.\u00a0\u00a0\u00a0\u00a0\u00a0 Ehdotuksesi palkinnon saajaksi:Nimi: Joonas NieminenYritys: JoonasNieminen.fiY-tunnus: 2778312-1Kotipaikka: Jyv\u00e4skyl\u00e4Toimiala: Valokuvaamot ja muu kuvaustoimintaKotisivut: https:\/\/www.joonasnieminen.fi\/ 3.\u00a0\u00a0\u00a0\u00a0\u00a0 T\u00e4rkeimm\u00e4t tuotteet tai palvelut*** Kerro omin sanoin mielest\u00e4si t\u00e4rkeimm\u00e4t palveluni, t\u00e4ss\u00e4 alla viel\u00e4 muistutuksena mit\u00e4 kaikkea minulta voi tilata ***Videotuotannot, valokuvaus, grafiikka-animaatiot, teko\u00e4ly sis\u00e4ll\u00f6t ja koulutukset. 4.\u00a0\u00a0\u00a0\u00a0\u00a0 Valinnan perustelut*** Kerro t\u00e4h\u00e4n omin sanoin kuinka olen auttanut teit\u00e4 tai miten yhteisty\u00f6 minun kanssani on sujunut, muista yll\u00e4 mainitut piirteet \u2013 miten n\u00e4m\u00e4 tulevat esiin toiminnassani? *** 5.\u00a0\u00a0\u00a0\u00a0\u00a0 J\u00e4t\u00e4 t\u00e4h\u00e4n omat yhteystietosiNimi, matkapuhelin, s\u00e4hk\u00f6posti ja yritys\/organisaatio \u2013 t\u00e4ll\u00e4 osalla pyrit\u00e4\u00e4n siihen, ett\u00e4 ehdotuksen j\u00e4tt\u00e4j\u00e4 on aito asiakas\/yhteisty\u00f6kumppani eik\u00e4 kasvoton botti.<\/p>","protected":false},"author":1,"featured_media":0,"parent":0,"menu_order":0,"comment_status":"closed","ping_status":"closed","template":"","meta":{"footnotes":""},"class_list":["post-2180","page","type-page","status-publish","hentry"],"_links":{"self":[{"href":"https:\/\/joonasnieminen.fi\/en\/wp-json\/wp\/v2\/pages\/2180"}],"collection":[{"href":"https:\/\/joonasnieminen.fi\/en\/wp-json\/wp\/v2\/pages"}],"about":[{"href":"https:\/\/joonasnieminen.fi\/en\/wp-json\/wp\/v2\/types\/page"}],"author":[{"embeddable":true,"href":"https:\/\/joonasnieminen.fi\/en\/wp-json\/wp\/v2\/users\/1"}],"replies":[{"embeddable":true,"href":"https:\/\/joonasnieminen.fi\/en\/wp-json\/wp\/v2\/comments?post=2180"}],"version-history":[{"count":13,"href":"https:\/\/joonasnieminen.fi\/en\/wp-json\/wp\/v2\/pages\/2180\/revisions"}],"predecessor-version":[{"id":2193,"href":"https:\/\/joonasnieminen.fi\/en\/wp-json\/wp\/v2\/pages\/2180\/revisions\/2193"}],"wp:attachment":[{"href":"https:\/\/joonasnieminen.fi\/en\/wp-json\/wp\/v2\/media?parent=2180"}],"curies":[{"name":"wp","href":"https:\/\/api.w.org\/{rel}","templated":true}]}}